{"id":642,"date":"2023-12-01T15:40:48","date_gmt":"2023-12-01T14:40:48","guid":{"rendered":"https:\/\/www.mbx-if.de\/home\/?page_id=642"},"modified":"2026-02-23T15:19:39","modified_gmt":"2026-02-23T14:19:39","slug":"mbx-if","status":"publish","type":"page","link":"https:\/\/www.mbx-if.org\/home\/fr\/mbx-if\/","title":{"rendered":"Qui sommes-nous?"},"content":{"rendered":"\n<p>AFNeT, PDES, Inc. et prostep ivip ont cr\u00e9\u00e9 le Model-Based &#8220;x&#8221; Interoperability Forum (MBx-IF) en tant qu&#8217;organisation chapeau afin de promouvoir l&#8217;utilisation internationale de STEP (ISO 10303) pour l&#8217;\u00e9change de donn\u00e9es de produits entre diff\u00e9rents syst\u00e8mes et \u00e0 travers de multiples domaines.<\/p>\n\n\n\n<p>Le MBx-IF s&#8217;int\u00e9resse \u00e0 la conception, \u00e0 la fabrication et \u00e0 l&#8217;inspection assist\u00e9es par ordinateur (regroup\u00e9s sous le nom CAx \u2013 Computer Aided &#8220;x&#8221;), \u00e0 la gestion des donn\u00e9es de produits (PDM \u2013 Product Data Management), aux syst\u00e8mes d&#8217;interconnexion du c\u00e2blage \u00e9lectrique (EWIS &#8211; Electrical Wiring Interconnection Systems) et \u00e0 l&#8217;ing\u00e9nierie assist\u00e9e par ordinateur (CAE).<\/p>\n\n\n<div class=\"wp-block-image\">\n<figure data-wp-context=\"{&quot;imageId&quot;:&quot;69de9b7b24b39&quot;}\" data-wp-interactive=\"core\/image\" data-wp-key=\"69de9b7b24b39\" class=\"aligncenter size-medium wp-lightbox-container\"><img loading=\"lazy\" decoding=\"async\" width=\"600\" height=\"580\" data-wp-class--hide=\"state.isContentHidden\" data-wp-class--show=\"state.isContentVisible\" data-wp-init=\"callbacks.setButtonStyles\" data-wp-on--click=\"actions.showLightbox\" data-wp-on--load=\"callbacks.setButtonStyles\" data-wp-on-window--resize=\"callbacks.setButtonStyles\" src=\"https:\/\/www.mbx-if.org\/home\/wp-content\/uploads\/2026\/02\/MBx_Overview_2026_FR-600x580.png\" alt=\"\" class=\"wp-image-1617\" srcset=\"https:\/\/www.mbx-if.org\/home\/wp-content\/uploads\/2026\/02\/MBx_Overview_2026_FR-600x580.png 600w, https:\/\/www.mbx-if.org\/home\/wp-content\/uploads\/2026\/02\/MBx_Overview_2026_FR-1024x991.png 1024w, https:\/\/www.mbx-if.org\/home\/wp-content\/uploads\/2026\/02\/MBx_Overview_2026_FR-768x743.png 768w, https:\/\/www.mbx-if.org\/home\/wp-content\/uploads\/2026\/02\/MBx_Overview_2026_FR-1536x1486.png 1536w, https:\/\/www.mbx-if.org\/home\/wp-content\/uploads\/2026\/02\/MBx_Overview_2026_FR-1140x1103.png 1140w, https:\/\/www.mbx-if.org\/home\/wp-content\/uploads\/2026\/02\/MBx_Overview_2026_FR.png 1937w\" sizes=\"auto, (max-width: 600px) 100vw, 600px\" \/><button\n\t\t\tclass=\"lightbox-trigger\"\n\t\t\ttype=\"button\"\n\t\t\taria-haspopup=\"dialog\"\n\t\t\taria-label=\"Enlarge\"\n\t\t\tdata-wp-init=\"callbacks.initTriggerButton\"\n\t\t\tdata-wp-on--click=\"actions.showLightbox\"\n\t\t\tdata-wp-style--right=\"state.imageButtonRight\"\n\t\t\tdata-wp-style--top=\"state.imageButtonTop\"\n\t\t>\n\t\t\t<svg xmlns=\"http:\/\/www.w3.org\/2000\/svg\" width=\"12\" height=\"12\" fill=\"none\" viewBox=\"0 0 12 12\">\n\t\t\t\t<path fill=\"#fff\" d=\"M2 0a2 2 0 0 0-2 2v2h1.5V2a.5.5 0 0 1 .5-.5h2V0H2Zm2 10.5H2a.5.5 0 0 1-.5-.5V8H0v2a2 2 0 0 0 2 2h2v-1.5ZM8 12v-1.5h2a.5.5 0 0 0 .5-.5V8H12v2a2 2 0 0 1-2 2H8Zm2-12a2 2 0 0 1 2 2v2h-1.5V2a.5.5 0 0 0-.5-.5H8V0h2Z\" \/>\n\t\t\t<\/svg>\n\t\t<\/button><\/figure>\n<\/div>\n\n\n<p>Le forum d\u2019int\u00e9rop\u00e9rabilit\u00e9 offre un environnement de confiance aux utilisateurs des entreprises industrielles et aux fournisseurs de logiciels pour discuter ouvertement des exigences et des d\u00e9fis techniques, d\u00e9velopper une compr\u00e9hension commune des diff\u00e9rents sujets et \u00e9laborer des approches interop\u00e9rables robustes pour leurs mise en \u0153uvre. L&#8217;organisation chapeau a pour but d&#8217;intensifier le d\u00e9veloppement du standard STEP par le biais d&#8217;une int\u00e9gration inter-domaines. Ses t\u00e2ches comprennent \u00e9galement l&#8217;organisation de tests dans les outils des vendeurs (benchmark).<\/p>\n\n\n\n<p>Les objectifs du forum d&#8217;interop\u00e9rabilit\u00e9 MBx sont les suivants :<\/p>\n\n\n\n<ul class=\"wp-block-list\">\n<li>Mettre en \u0153uvre des fonctionnalit\u00e9s r\u00e9pondant aux besoins actuels<\/li>\n\n\n\n<li>Identifier les fonctionnalit\u00e9s pour les besoins de demain<\/li>\n\n\n\n<li>Eviter les blocages en \u00e9tablissant des approches communes<\/li>\n\n\n\n<li>Accro\u00eetre la confiance des utilisateurs en testant l&#8217;interop\u00e9rabilit\u00e9 des syst\u00e8mes avec les standards AP<\/li>\n\n\n\n<li>S&#8217;assurer que les nouvelles fonctionnalit\u00e9s n&#8217;ont pas d&#8217;impact n\u00e9gatif sur les impl\u00e9mentations existantes.<\/li>\n<\/ul>\n\n\n\n<p>Le MBx Implementeur Forum am\u00e9liore consid\u00e9rablement la qualit\u00e9 des traducteurs STEP et r\u00e9duit les d\u00e9lais de leur mise sur le march\u00e9.<\/p>\n\n\n\n<h3 class=\"wp-block-heading\" id=\"histoire\">Histoire<\/h3>\n\n\n\n<p>Le test d\u2019\u00e9change de donn\u00e9es STEP entre diff\u00e9rents outils logiciels remonte \u00e0 1994. Cette ann\u00e9e-l\u00e0, PDES, Inc. aux \u00c9tats-Unis a cr\u00e9\u00e9 son activit\u00e9 <em>STEPnet<\/em> pour tester les premiers traducteurs STEP disponibles dans le commerce pour l\u2019AP203. Parall\u00e8lement, prostep ivip a entam\u00e9 ses activit\u00e9s <em>RoundTable<\/em> avec plusieurs fournisseurs de CAO, ax\u00e9es sur le d\u00e9veloppement de l&#8217;AP214 pour la conception automobile. Dans les deux cas, les activit\u00e9s initiales de test sur site ont \u00e9volu\u00e9 vers des efforts continus et r\u00e9partis.<\/p>\n\n\n\n<p>Au fil du temps, le chevauchement des champs d&#8217;application et des participants entre les deux initiatives s&#8217;est accentu\u00e9. Cela a entra\u00een\u00e9 des difficult\u00e9s lorsque des accords diff\u00e9rents ont \u00e9t\u00e9 conclus sur des sujets similaires. Cela a \u00e9galement entra\u00een\u00e9 une charge de travail importante pour toutes les personnes impliqu\u00e9es, tant au niveau technique qu&#8217;administratif. Par cons\u00e9quent, les initiatives <em>STEPnet<\/em> et <em>RoundTable<\/em> ont \u00e9t\u00e9 fusionn\u00e9es pour former le \u00ab&nbsp;CAx Implementor Forum&nbsp;\u00bb, en bref, le CAx-IF.<\/p>\n\n\n\n<p>Le premier cycle de tests conjoints, auquel ont particip\u00e9 activement onze fournisseurs, s&#8217;est d\u00e9roul\u00e9 de mai \u00e0 juillet 1999, avec des r\u00e9unions \u00e0 Darmstadt, en Allemagne. Le document de la s\u00e9rie de tests (Test Suite) du cycle 1J (&#8220;J&#8221; indiquant des tests conjoints), qui est aujourd&#8217;hui encore disponible sur la page d&#8217;accueil du CAx-IF, comprend des cas de test pour les fonctionnalit\u00e9s suivantes : Dessins 2D associ\u00e9s, G\u00e9om\u00e9trie des surfaces, Structure d&#8217;assemblage, et Couleurs et couches.<\/p>\n\n\n\n<p>Au d\u00e9part, trois s\u00e9ries de tests \u00e9taient organis\u00e9es chaque ann\u00e9e. Une fois que les bases sur l&#8217;\u00e9change de donn\u00e9es STEP ont \u00e9t\u00e9 \u00e9tablies, ce nombre a \u00e9t\u00e9 r\u00e9duit \u00e0 deux cycles d\u00e9butant respectivement en mars et en septembre. Cela correspond bien aux cycles de d\u00e9veloppement des fournisseurs et aux calendriers g\u00e9n\u00e9raux des organisations h\u00f4tes.<\/p>\n\n\n\n<h3 class=\"wp-block-heading\" id=\"extensions\">Des extensions dans le temps<\/h3>\n\n\n\n<p>L&#8217;association fran\u00e7aise AFNeT a rejoint l&#8217;\u00e9quipe en 2016, \u00e9largissant ainsi la base organisationnelle du CAx-IF. Elle contribue au d\u00e9veloppement de STEP AP242 et a \u00e9galement soutenu le CAE-IF pour l&#8217;\u00e9change d&#8217;informations en analyse par \u00e9l\u00e9ments finis, bas\u00e9e sur le STEP AP209, en collaboration avec PDES, Inc. Ce forum a partag\u00e9 sa base technique et organisationnelle avec le CAx-IF et a \u00e9t\u00e9 actif pendant quatre ans. Il est actuellement en suspens, dans l&#8217;attente de nouvelles exigences de la part des utilisateurs.<\/p>\n\n\n\n<p>A peu pr\u00e8s au m\u00eame moment, prostep ivip et l&#8217;AFNeT ont lanc\u00e9 le PDM-IF, qui se concentre sur l&#8217;\u00e9change de donn\u00e9es de base de produits, y compris des sujets tels que la configuration et la gestion du changement, sur la base de la repr\u00e9sentation XML de l&#8217;AP242. Le dernier n\u00e9 de la famille des projets d&#8217;interop\u00e9rabilit\u00e9 centr\u00e9s sur STEP est l&#8217;EWIS-IF pour Electrical Wiring Interconnection Systems (syst\u00e8mes d&#8217;interconnexion du c\u00e2blage \u00e9lectrique).<\/p>\n\n\n\n<p>Outre l&#8217;\u00e9largissement du champ d&#8217;application, chaque forum d\u2019int\u00e9rop\u00e9rabilit\u00e9 a \u00e9galement \u00e9t\u00e9 modifi\u00e9 par l&#8217;ajout d&#8217;un groupe d&#8217;utilisateurs sp\u00e9cialis\u00e9 qui \u00e9labore des cas d&#8217;utilisation harmonis\u00e9s pour l&#8217;industrie et fournit des priorit\u00e9s pour les sujets ainsi que des crit\u00e8res d&#8217;acceptation. Pour indiquer que la port\u00e9e des projets va au-del\u00e0 de la simple mise en \u0153uvre, la d\u00e9signation a \u00e9t\u00e9 chang\u00e9e en &#8220;Forum d&#8217;interop\u00e9rabilit\u00e9&#8221;. Il est devenu \u00e9vident que la coordination et l&#8217;harmonisation entre les diff\u00e9rents groupes de projet soutenant l\u2019impl\u00e9mentation et l&#8217;utilisation de STEP sont tout aussi importantes que le travail au sein de chaque \u00e9quipe.<\/p>\n\n\n\n<p>L&#8217;organisation a donc \u00e9t\u00e9 compl\u00e9t\u00e9e par la cr\u00e9ation du forum d&#8217;interop\u00e9rabilit\u00e9 MBx (Model-Based &#8220;x&#8221;) en tant qu&#8217;organisation chapeau pour les CAE, CAx, EWIS et PDM-IF afin d&#8217;optimiser davantage le flux de travail. En ao\u00fbt 2021, AFNeT, PDES, Inc. et prostep ivip ont sign\u00e9 un protocole d&#8217;accord (Memorandum of Understanding) . Il fournit les bases pour une collaboration facilit\u00e9 entre les diff\u00e9rents groupes et favorise l&#8217;harmonisation des processus sur la base d&#8217;une infrastructure commune.<\/p>\n\n\n\n<h3 class=\"wp-block-heading\" id=\"facteurs\">Facteurs de r\u00e9ussite<\/h3>\n\n\n\n<p>Un niveau \u00e9lev\u00e9 d&#8217;engagement et de motivation de la part de toutes les personnes impliqu\u00e9es est la marque de fabrique du MBx-IF depuis plus de 20 ans maintenant. L&#8217;accord de non-divulgation (NDA) sign\u00e9 par tous les membres du groupe peut \u00eatre consid\u00e9r\u00e9 comme l&#8217;un des principaux fondements de cette r\u00e9ussite. Appel\u00e9 famili\u00e8rement &#8220;Principe de Las Vegas&#8221;, il garantit que tous les r\u00e9sultats d\u00e9taill\u00e9s des tests et les discussions sp\u00e9cifiques aux fournisseurs restent au sein du groupe : \u00ab&nbsp;Ce qui se passe ici reste ici.&nbsp;\u00bb<\/p>\n\n\n\n<p>Cela a cr\u00e9\u00e9 une atmosph\u00e8re de confiance permettant aux d\u00e9veloppeurs STEP de diff\u00e9rentes entreprises de discuter ouvertement des probl\u00e8mes de mise en \u0153uvre et de la repr\u00e9sentation des syst\u00e8mes natifs afin de parvenir \u00e0 des solutions communes qui fonctionnent pour tout le monde.<\/p>\n\n\n<div class=\"wp-block-image\">\n<figure class=\"aligncenter size-large\"><img loading=\"lazy\" decoding=\"async\" width=\"1024\" height=\"682\" src=\"https:\/\/www.mbx-if.de\/home\/wp-content\/uploads\/2023\/11\/CAx-IF-Group-Picture-1024x682.jpg\" alt=\"\" class=\"wp-image-486\" srcset=\"https:\/\/www.mbx-if.org\/home\/wp-content\/uploads\/2023\/11\/CAx-IF-Group-Picture-1024x682.jpg 1024w, https:\/\/www.mbx-if.org\/home\/wp-content\/uploads\/2023\/11\/CAx-IF-Group-Picture-300x200.jpg 300w, https:\/\/www.mbx-if.org\/home\/wp-content\/uploads\/2023\/11\/CAx-IF-Group-Picture-768x512.jpg 768w, https:\/\/www.mbx-if.org\/home\/wp-content\/uploads\/2023\/11\/CAx-IF-Group-Picture-1536x1024.jpg 1536w, https:\/\/www.mbx-if.org\/home\/wp-content\/uploads\/2023\/11\/CAx-IF-Group-Picture-1140x760.jpg 1140w, https:\/\/www.mbx-if.org\/home\/wp-content\/uploads\/2023\/11\/CAx-IF-Group-Picture.jpg 2000w\" sizes=\"auto, (max-width: 1024px) 100vw, 1024px\" \/><figcaption class=\"wp-element-caption\"><em>Participants \u00e0 la r\u00e9union de test 50J du CAx-IF, Septembre 2022 \u00e0 Charleston, SC, \u00c9tats-Unis<\/em><\/figcaption><\/figure>\n<\/div>\n\n\n<p>Tout aussi importante pour la r\u00e9ussite globale du projet : l&#8217;interaction \u00e9troite entre les utilisateurs et les responsables de l\u2019impl\u00e9mentation. Les discussions au sein de l&#8217;\u00e9quipe permettent \u00e0 chaque membre de confronter ses conceptions avec d&#8217;autres points de vue et de hi\u00e9rarchiser les sujets au niveau de l&#8217;industrie. Ceci est imp\u00e9ratif pour l&#8217;int\u00e9gration harmonieuse de nouvelles capacit\u00e9s dans le champ d&#8217;application existant. Il permet au forum de r\u00e9pondre aux besoins de l&#8217;industrie sans compromettre les impl\u00e9mentations existantes.<\/p>\n","protected":false},"excerpt":{"rendered":"<p>AFNeT, PDES, Inc. et prostep ivip ont cr\u00e9\u00e9 le Model-Based &#8220;x&#8221; Interoperability Forum (MBx-IF) en tant qu&#8217;organisation chapeau afin de promouvoir l&#8217;utilisation internationale de STEP (ISO 10303) pour l&#8217;\u00e9change de donn\u00e9es de produits entre diff\u00e9rents syst\u00e8mes et \u00e0 travers de multiples domaines. Le MBx-IF s&#8217;int\u00e9resse \u00e0 la conception, \u00e0 la fabrication et \u00e0 l&#8217;inspection assist\u00e9es par ordinateur (regroup\u00e9s sous le nom CAx \u2013 Computer Aided &#8220;x&#8221;), \u00e0 la gestion des donn\u00e9es de produits (PDM \u2013 Product Data Management), aux syst\u00e8mes d&#8217;interconnexion du c\u00e2blage \u00e9lectrique (EWIS &#8211; Electrical Wiring Interconnection Systems) et \u00e0 l&#8217;ing\u00e9nierie assist\u00e9e par ordinateur (CAE). Le forum d\u2019int\u00e9rop\u00e9rabilit\u00e9 offre un environnement de confiance aux utilisateurs des entreprises industrielles et aux fournisseurs de logiciels pour discuter ouvertement des exigences et des d\u00e9fis techniques, d\u00e9velopper une compr\u00e9hension commune des diff\u00e9rents sujets et \u00e9laborer des approches interop\u00e9rables robustes pour leurs mise en \u0153uvre. L&#8217;organisation chapeau a pour but d&#8217;intensifier le d\u00e9veloppement du standard STEP par le biais d&#8217;une int\u00e9gration inter-domaines. Ses t\u00e2ches comprennent \u00e9galement l&#8217;organisation de tests dans les outils des vendeurs (benchmark). Les objectifs du forum d&#8217;interop\u00e9rabilit\u00e9 MBx sont les suivants : Le MBx Implementeur Forum am\u00e9liore consid\u00e9rablement la qualit\u00e9 des traducteurs STEP et r\u00e9duit les d\u00e9lais de leur mise sur le march\u00e9. Histoire Le test d\u2019\u00e9change de donn\u00e9es STEP entre diff\u00e9rents outils logiciels remonte \u00e0 1994. Cette ann\u00e9e-l\u00e0, PDES, Inc. aux \u00c9tats-Unis a cr\u00e9\u00e9 son activit\u00e9 STEPnet pour tester les premiers traducteurs STEP disponibles dans le commerce pour l\u2019AP203. Parall\u00e8lement, prostep ivip a entam\u00e9 ses activit\u00e9s RoundTable avec plusieurs fournisseurs de CAO, ax\u00e9es sur le d\u00e9veloppement de l&#8217;AP214 pour la conception automobile. Dans les deux cas, les activit\u00e9s initiales de test sur site ont \u00e9volu\u00e9 vers des efforts continus et r\u00e9partis. Au fil du temps, le chevauchement des champs d&#8217;application et des participants entre les deux initiatives s&#8217;est accentu\u00e9. Cela a entra\u00een\u00e9 des difficult\u00e9s lorsque des accords diff\u00e9rents ont \u00e9t\u00e9 conclus sur des sujets similaires. Cela a \u00e9galement entra\u00een\u00e9 une charge de travail importante pour toutes les personnes impliqu\u00e9es, tant au niveau technique qu&#8217;administratif. Par cons\u00e9quent, les initiatives STEPnet et RoundTable ont \u00e9t\u00e9 fusionn\u00e9es pour former le \u00ab&nbsp;CAx Implementor Forum&nbsp;\u00bb, en bref, le CAx-IF. Le premier cycle de tests conjoints, auquel ont particip\u00e9 activement onze fournisseurs, s&#8217;est d\u00e9roul\u00e9 de mai \u00e0 juillet 1999, avec des r\u00e9unions \u00e0 Darmstadt, en Allemagne. Le document de la s\u00e9rie de tests (Test Suite) du cycle 1J (&#8220;J&#8221; indiquant des tests conjoints), qui est aujourd&#8217;hui encore disponible sur la page d&#8217;accueil du CAx-IF, comprend des cas de test pour les fonctionnalit\u00e9s suivantes : Dessins 2D associ\u00e9s, G\u00e9om\u00e9trie des surfaces, Structure d&#8217;assemblage, et Couleurs et couches. Au d\u00e9part, trois s\u00e9ries de tests \u00e9taient organis\u00e9es chaque ann\u00e9e. Une fois que les bases sur l&#8217;\u00e9change de donn\u00e9es STEP ont \u00e9t\u00e9 \u00e9tablies, ce nombre a \u00e9t\u00e9 r\u00e9duit \u00e0 deux cycles d\u00e9butant respectivement en mars et en septembre. Cela correspond bien aux cycles de d\u00e9veloppement des fournisseurs et aux calendriers g\u00e9n\u00e9raux des organisations h\u00f4tes. Des extensions dans le temps L&#8217;association fran\u00e7aise AFNeT a rejoint l&#8217;\u00e9quipe en 2016, \u00e9largissant ainsi la base organisationnelle du CAx-IF. Elle contribue au d\u00e9veloppement de STEP AP242 et a \u00e9galement soutenu le CAE-IF pour l&#8217;\u00e9change d&#8217;informations en analyse par \u00e9l\u00e9ments finis, bas\u00e9e sur le STEP AP209, en collaboration avec PDES, Inc. Ce forum a partag\u00e9 sa base technique et organisationnelle avec le CAx-IF et a \u00e9t\u00e9 actif pendant quatre ans. Il est actuellement en suspens, dans l&#8217;attente de nouvelles exigences de la part des utilisateurs. A peu pr\u00e8s au m\u00eame moment, prostep ivip et l&#8217;AFNeT ont lanc\u00e9 le PDM-IF, qui se concentre sur l&#8217;\u00e9change de donn\u00e9es de base de produits, y compris des sujets tels que la configuration et la gestion du changement, sur la base de la repr\u00e9sentation XML de l&#8217;AP242. Le dernier n\u00e9 de la famille des projets d&#8217;interop\u00e9rabilit\u00e9 centr\u00e9s sur STEP est l&#8217;EWIS-IF pour Electrical Wiring Interconnection Systems (syst\u00e8mes d&#8217;interconnexion du c\u00e2blage \u00e9lectrique). Outre l&#8217;\u00e9largissement du champ d&#8217;application, chaque forum d\u2019int\u00e9rop\u00e9rabilit\u00e9 a \u00e9galement \u00e9t\u00e9 modifi\u00e9 par l&#8217;ajout d&#8217;un groupe d&#8217;utilisateurs sp\u00e9cialis\u00e9 qui \u00e9labore des cas d&#8217;utilisation harmonis\u00e9s pour l&#8217;industrie et fournit des priorit\u00e9s pour les sujets ainsi que des crit\u00e8res d&#8217;acceptation. Pour indiquer que la port\u00e9e des projets va au-del\u00e0 de la simple mise en \u0153uvre, la d\u00e9signation a \u00e9t\u00e9 chang\u00e9e en &#8220;Forum d&#8217;interop\u00e9rabilit\u00e9&#8221;. Il est devenu \u00e9vident que la coordination et l&#8217;harmonisation entre les diff\u00e9rents groupes de projet soutenant l\u2019impl\u00e9mentation et l&#8217;utilisation de STEP sont tout aussi importantes que le travail au sein de chaque \u00e9quipe. L&#8217;organisation a donc \u00e9t\u00e9 compl\u00e9t\u00e9e par la cr\u00e9ation du forum d&#8217;interop\u00e9rabilit\u00e9 MBx (Model-Based &#8220;x&#8221;) en tant qu&#8217;organisation chapeau pour les CAE, CAx, EWIS et PDM-IF afin d&#8217;optimiser davantage le flux de travail. En ao\u00fbt 2021, AFNeT, PDES, Inc. et prostep ivip ont sign\u00e9 un protocole d&#8217;accord (Memorandum of Understanding) . Il fournit les bases pour une collaboration facilit\u00e9 entre les diff\u00e9rents groupes et favorise l&#8217;harmonisation des processus sur la base d&#8217;une infrastructure commune. Facteurs de r\u00e9ussite Un niveau \u00e9lev\u00e9 d&#8217;engagement et de motivation de la part de toutes les personnes impliqu\u00e9es est la marque de fabrique du MBx-IF depuis plus de 20 ans maintenant. L&#8217;accord de non-divulgation (NDA) sign\u00e9 par tous les membres du groupe peut \u00eatre consid\u00e9r\u00e9 comme l&#8217;un des principaux fondements de cette r\u00e9ussite. Appel\u00e9 famili\u00e8rement &#8220;Principe de Las Vegas&#8221;, il garantit que tous les r\u00e9sultats d\u00e9taill\u00e9s des tests et les discussions sp\u00e9cifiques aux fournisseurs restent au sein du groupe : \u00ab&nbsp;Ce qui se passe ici reste ici.&nbsp;\u00bb Cela a cr\u00e9\u00e9 une atmosph\u00e8re de confiance permettant aux d\u00e9veloppeurs STEP de diff\u00e9rentes entreprises de discuter ouvertement des probl\u00e8mes de mise en \u0153uvre et de la repr\u00e9sentation des syst\u00e8mes natifs afin de parvenir \u00e0 des solutions communes qui fonctionnent pour tout le monde. Tout aussi importante pour la r\u00e9ussite globale du projet : l&#8217;interaction \u00e9troite entre les utilisateurs et les responsables de l\u2019impl\u00e9mentation. Les discussions au sein de l&#8217;\u00e9quipe permettent \u00e0 chaque membre de confronter ses conceptions avec d&#8217;autres points de vue et de hi\u00e9rarchiser les sujets au niveau de l&#8217;industrie. Ceci est imp\u00e9ratif pour l&#8217;int\u00e9gration harmonieuse de nouvelles capacit\u00e9s dans le champ d&#8217;application existant. Il permet au forum de r\u00e9pondre aux besoins de l&#8217;industrie sans compromettre les impl\u00e9mentations existantes.<\/p>\n","protected":false},"author":1,"featured_media":0,"parent":0,"menu_order":14,"comment_status":"closed","ping_status":"closed","template":"","meta":{"_acf_changed":false,"footnotes":""},"class_list":["post-642","page","type-page","status-publish","hentry"],"acf":[],"_links":{"self":[{"href":"https:\/\/www.mbx-if.org\/home\/wp-json\/wp\/v2\/pages\/642","targetHints":{"allow":["GET"]}}],"collection":[{"href":"https:\/\/www.mbx-if.org\/home\/wp-json\/wp\/v2\/pages"}],"about":[{"href":"https:\/\/www.mbx-if.org\/home\/wp-json\/wp\/v2\/types\/page"}],"author":[{"embeddable":true,"href":"https:\/\/www.mbx-if.org\/home\/wp-json\/wp\/v2\/users\/1"}],"replies":[{"embeddable":true,"href":"https:\/\/www.mbx-if.org\/home\/wp-json\/wp\/v2\/comments?post=642"}],"version-history":[{"count":1,"href":"https:\/\/www.mbx-if.org\/home\/wp-json\/wp\/v2\/pages\/642\/revisions"}],"predecessor-version":[{"id":1619,"href":"https:\/\/www.mbx-if.org\/home\/wp-json\/wp\/v2\/pages\/642\/revisions\/1619"}],"wp:attachment":[{"href":"https:\/\/www.mbx-if.org\/home\/wp-json\/wp\/v2\/media?parent=642"}],"curies":[{"name":"wp","href":"https:\/\/api.w.org\/{rel}","templated":true}]}}