{"id":421,"date":"2023-11-10T14:29:45","date_gmt":"2023-11-10T13:29:45","guid":{"rendered":"https:\/\/www.mbx-if.de\/home\/?page_id=421"},"modified":"2025-12-12T10:44:40","modified_gmt":"2025-12-12T09:44:40","slug":"implementeurs","status":"publish","type":"page","link":"https:\/\/www.mbx-if.org\/home\/fr\/pdmif\/implementeurs\/","title":{"rendered":"Groupe d\u2019Impl\u00e9menteurs du PDM-IF"},"content":{"rendered":"\n<p>L\u2019objectif du PDM-IF Implementor Group est d\u2019acc\u00e9l\u00e9rer le d\u00e9veloppement et la disponibilit\u00e9 g\u00e9n\u00e9rale de solutions d\u2019interop\u00e9rabilit\u00e9 PDM bas\u00e9es sur les standards ISO. Ces solutions s\u2019appuient sur des services d\u2019\u00e9change, de conversion et d\u2019affichage de donn\u00e9es PDM qui r\u00e9pondent aux cas d\u2019usages de l\u2019industrie.<\/p>\n\n\n\n<p>Les s\u00e9ries de tests donneront aux fournisseurs la possibilit\u00e9 d\u2019adopter de nouvelles approches et d\u2019am\u00e9liorer leurs impl\u00e9mentations afin que les fonctionnalit\u00e9s nouvellement introduites soient robustes et stables. Le p\u00e9rim\u00e8tre et le calendrier d\u00e9taill\u00e9s de chaque s\u00e9rie de tests seront d\u00e9finis par le groupe d\u2019impl\u00e9menteurs, sur la base des exigences d\u00e9finies par le groupe d\u2019utilisateurs.<\/p>\n\n\n\n<h3 class=\"wp-block-heading\">Soci\u00e9t\u00e9s membres<\/h3>\n\n\n\n<ul class=\"wp-block-list\">\n<li><a href=\"https:\/\/www.beta-cae.com\/\" target=\"_blank\" rel=\"noreferrer noopener\">Cadence<\/a><\/li>\n\n\n\n<li><a href=\"https:\/\/www.3ds.com\/fr\/\" target=\"_blank\" rel=\"noreferrer noopener\">Dassault Syst\u00e8mes<\/a><\/li>\n\n\n\n<li><a href=\"https:\/\/www.datakit.com\/fr\/\" target=\"_blank\" rel=\"noreferrer noopener\">Datakit<\/a><\/li>\n\n\n\n<li><a href=\"https:\/\/www.elysium-global.com\/en\/\" target=\"_blank\" rel=\"noreferrer noopener\">Elysium<\/a><\/li>\n\n\n\n<li><a href=\"https:\/\/www.prostep.com\/en\" target=\"_blank\" rel=\"noreferrer noopener\">PROSTEP<\/a><\/li>\n\n\n\n<li><a href=\"https:\/\/www.t-systems.com\/de\/en\" target=\"_blank\" rel=\"noreferrer noopener\">T-Systems<\/a><\/li>\n<\/ul>\n\n\n\n<h3 class=\"wp-block-heading\">Coordinateurs<\/h3>\n\n\n\n<p>Pour entrer en contact avec la communaut\u00e9, veuillez contacter :<\/p>\n\n\n\n<ul class=\"wp-block-list\">\n<li>Kevin Le Tutour, AFNeT \u2013&nbsp;<a href=\"mailto:kevin.letutour@afnet-services.fr\">kevin(dot)letutour(at)afnet-services(dot)fr<\/a><\/li>\n\n\n\n<li>Guillaume Hirel, prostep ivip \u2013&nbsp;<a href=\"mailto:guillaume.hirel@t-system.com\">guillaume(dot)hirel@t-systems(dot)com<\/a><\/li>\n<\/ul>\n","protected":false},"excerpt":{"rendered":"<p>L\u2019objectif du PDM-IF Implementor Group est d\u2019acc\u00e9l\u00e9rer le d\u00e9veloppement et la disponibilit\u00e9 g\u00e9n\u00e9rale de solutions d\u2019interop\u00e9rabilit\u00e9 PDM bas\u00e9es sur les standards ISO. Ces solutions s\u2019appuient sur des services d\u2019\u00e9change, de conversion et d\u2019affichage de donn\u00e9es PDM qui r\u00e9pondent aux cas d\u2019usages de l\u2019industrie. Les s\u00e9ries de tests donneront aux fournisseurs la possibilit\u00e9 d\u2019adopter de nouvelles approches et d\u2019am\u00e9liorer leurs impl\u00e9mentations afin que les fonctionnalit\u00e9s nouvellement introduites soient robustes et stables. Le p\u00e9rim\u00e8tre et le calendrier d\u00e9taill\u00e9s de chaque s\u00e9rie de tests seront d\u00e9finis par le groupe d\u2019impl\u00e9menteurs, sur la base des exigences d\u00e9finies par le groupe d\u2019utilisateurs. Soci\u00e9t\u00e9s membres Coordinateurs Pour entrer en contact avec la communaut\u00e9, veuillez contacter :<\/p>\n","protected":false},"author":1,"featured_media":0,"parent":415,"menu_order":2,"comment_status":"closed","ping_status":"closed","template":"","meta":{"_acf_changed":false,"footnotes":""},"class_list":["post-421","page","type-page","status-publish","hentry"],"acf":[],"_links":{"self":[{"href":"https:\/\/www.mbx-if.org\/home\/wp-json\/wp\/v2\/pages\/421","targetHints":{"allow":["GET"]}}],"collection":[{"href":"https:\/\/www.mbx-if.org\/home\/wp-json\/wp\/v2\/pages"}],"about":[{"href":"https:\/\/www.mbx-if.org\/home\/wp-json\/wp\/v2\/types\/page"}],"author":[{"embeddable":true,"href":"https:\/\/www.mbx-if.org\/home\/wp-json\/wp\/v2\/users\/1"}],"replies":[{"embeddable":true,"href":"https:\/\/www.mbx-if.org\/home\/wp-json\/wp\/v2\/comments?post=421"}],"version-history":[{"count":1,"href":"https:\/\/www.mbx-if.org\/home\/wp-json\/wp\/v2\/pages\/421\/revisions"}],"predecessor-version":[{"id":1546,"href":"https:\/\/www.mbx-if.org\/home\/wp-json\/wp\/v2\/pages\/421\/revisions\/1546"}],"up":[{"embeddable":true,"href":"https:\/\/www.mbx-if.org\/home\/wp-json\/wp\/v2\/pages\/415"}],"wp:attachment":[{"href":"https:\/\/www.mbx-if.org\/home\/wp-json\/wp\/v2\/media?parent=421"}],"curies":[{"name":"wp","href":"https:\/\/api.w.org\/{rel}","templated":true}]}}