{"id":417,"date":"2023-11-10T14:20:22","date_gmt":"2023-11-10T13:20:22","guid":{"rendered":"https:\/\/www.mbx-if.de\/home\/?page_id=417"},"modified":"2025-07-29T10:55:40","modified_gmt":"2025-07-29T08:55:40","slug":"utilisateurs","status":"publish","type":"page","link":"https:\/\/www.mbx-if.org\/home\/fr\/pdmif\/utilisateurs\/","title":{"rendered":"Groupe d&#8217;Utilisateurs du PDM-IF"},"content":{"rendered":"\n<p>Les principaux objectifs du groupe d\u2019utilisateurs PDM-IF sont de documenter les cas d\u2019utilisation communs de l\u2019industrie et d\u2019en d\u00e9duire les exigences. Ces cas d\u2019utilisation couvrent la collaboration externe entre les partenaires ainsi que la collaboration interne au sein d\u2019une entreprise. Sur la base des cas d\u2019utilisation, les exigences relatives \u00e0 l\u2019\u00e9change de donn\u00e9es PDM et aux applications de traitement sont d\u00e9finies. Ces exigences s\u2019appliquent aux normes PDM (STEP AP242) ainsi qu\u2019aux impl\u00e9mentations bas\u00e9es sur celles-ci. Une des exigences centrales est de traiter les donn\u00e9es pertinentes dans leur contexte et d\u2019inclure le contexte de mani\u00e8re transparente dans l\u2019\u00e9change de donn\u00e9es.<\/p>\n\n\n\n<h3 class=\"wp-block-heading\">Soci\u00e9t\u00e9s membres<\/h3>\n\n\n\n<ul class=\"wp-block-list\">\n<li><a href=\"https:\/\/www.airbus.com\/en\" target=\"_blank\" rel=\"noreferrer noopener\">Airbus<\/a><\/li>\n\n\n\n<li><a href=\"https:\/\/www.bmw.com\/fr\/\" target=\"_blank\" rel=\"noreferrer noopener\">BMW<\/a><\/li>\n\n\n\n<li><a href=\"https:\/\/www.boeing.com\/\" target=\"_blank\" rel=\"noreferrer noopener\">The Boeing Company<\/a><\/li>\n\n\n\n<li><a href=\"https:\/\/www.daher.com\/\" target=\"_blank\" rel=\"noreferrer noopener\">DAHER<\/a><\/li>\n\n\n\n<li><a href=\"https:\/\/www.dassault-aviation.com\/fr\/\" target=\"_blank\" rel=\"noreferrer noopener\">Dassault Aviation<\/a><\/li>\n\n\n\n<li><a href=\"https:\/\/www.mbda-systems.com\/\" target=\"_blank\" rel=\"noreferrer noopener\">MBDA<\/a><\/li>\n\n\n\n<li><a href=\"https:\/\/www.mtu.de\/?fc=1\" target=\"_blank\" rel=\"noreferrer noopener\">MTU<\/a><\/li>\n\n\n\n<li><a href=\"https:\/\/www.safran-group.com\/\" target=\"_blank\" rel=\"noreferrer noopener\">Safran<\/a><\/li>\n<\/ul>\n\n\n\n<h3 class=\"wp-block-heading\">Coordinateurs<\/h3>\n\n\n\n<p>Pour entrer en contact avec la communaut\u00e9, veuillez contacter :<\/p>\n\n\n\n<ul class=\"wp-block-list\">\n<li>Kevin Le Tutour, AFNeT \u2013&nbsp;<a href=\"mailto:kevin.letutour@afnet-services.fr\">kevin(dot)letutour(at)afnet-services(dot)fr<\/a><\/li>\n\n\n\n<li>Guillaume Hirel, prostep ivip \u2013&nbsp;<a href=\"mailto:guillaume.hirel@t-system.com\">guillaume(dot)hirel@t-systems(dot)com<\/a><\/li>\n<\/ul>\n","protected":false},"excerpt":{"rendered":"<p>Les principaux objectifs du groupe d\u2019utilisateurs PDM-IF sont de documenter les cas d\u2019utilisation communs de l\u2019industrie et d\u2019en d\u00e9duire les exigences. Ces cas d\u2019utilisation couvrent la collaboration externe entre les partenaires ainsi que la collaboration interne au sein d\u2019une entreprise. Sur la base des cas d\u2019utilisation, les exigences relatives \u00e0 l\u2019\u00e9change de donn\u00e9es PDM et aux applications de traitement sont d\u00e9finies. Ces exigences s\u2019appliquent aux normes PDM (STEP AP242) ainsi qu\u2019aux impl\u00e9mentations bas\u00e9es sur celles-ci. Une des exigences centrales est de traiter les donn\u00e9es pertinentes dans leur contexte et d\u2019inclure le contexte de mani\u00e8re transparente dans l\u2019\u00e9change de donn\u00e9es. Soci\u00e9t\u00e9s membres Coordinateurs Pour entrer en contact avec la communaut\u00e9, veuillez contacter :<\/p>\n","protected":false},"author":1,"featured_media":0,"parent":415,"menu_order":1,"comment_status":"closed","ping_status":"closed","template":"","meta":{"_acf_changed":false,"footnotes":""},"class_list":["post-417","page","type-page","status-publish","hentry"],"acf":[],"_links":{"self":[{"href":"https:\/\/www.mbx-if.org\/home\/wp-json\/wp\/v2\/pages\/417","targetHints":{"allow":["GET"]}}],"collection":[{"href":"https:\/\/www.mbx-if.org\/home\/wp-json\/wp\/v2\/pages"}],"about":[{"href":"https:\/\/www.mbx-if.org\/home\/wp-json\/wp\/v2\/types\/page"}],"author":[{"embeddable":true,"href":"https:\/\/www.mbx-if.org\/home\/wp-json\/wp\/v2\/users\/1"}],"replies":[{"embeddable":true,"href":"https:\/\/www.mbx-if.org\/home\/wp-json\/wp\/v2\/comments?post=417"}],"version-history":[{"count":1,"href":"https:\/\/www.mbx-if.org\/home\/wp-json\/wp\/v2\/pages\/417\/revisions"}],"predecessor-version":[{"id":1408,"href":"https:\/\/www.mbx-if.org\/home\/wp-json\/wp\/v2\/pages\/417\/revisions\/1408"}],"up":[{"embeddable":true,"href":"https:\/\/www.mbx-if.org\/home\/wp-json\/wp\/v2\/pages\/415"}],"wp:attachment":[{"href":"https:\/\/www.mbx-if.org\/home\/wp-json\/wp\/v2\/media?parent=417"}],"curies":[{"name":"wp","href":"https:\/\/api.w.org\/{rel}","templated":true}]}}