{"id":415,"date":"2023-11-10T14:14:09","date_gmt":"2023-11-10T13:14:09","guid":{"rendered":"https:\/\/www.mbx-if.de\/home\/?page_id=415"},"modified":"2025-02-06T16:03:38","modified_gmt":"2025-02-06T15:03:38","slug":"pdmif","status":"publish","type":"page","link":"https:\/\/www.mbx-if.org\/home\/fr\/pdmif\/","title":{"rendered":"PDM &#8211; Forum d\u2019Interop\u00e9rabilit\u00e9"},"content":{"rendered":"\n<h3 class=\"wp-block-heading\">Introduction<\/h3>\n\n\n\n<p>Les objectifs du Forum sur l&#8217;Interop\u00e9rabilit\u00e9 du PDM sont les suivants :<\/p>\n\n\n\n<ul class=\"wp-block-list\">\n<li>D\u00e9velopper des documents sur les pratiques recommand\u00e9es en mati\u00e8re d\u2019interop\u00e9rabilit\u00e9 PDM, et qui viennent compl\u00e9ter les standards PDM internationaux.<\/li>\n\n\n\n<li>Mettre en place des activit\u00e9s de test, partag\u00e9es dans le domaine du PDM, sur la base de m\u00e9thodes fiables et reconnues.<\/li>\n\n\n\n<li>Les objectifs, les missions et les principes g\u00e9n\u00e9raux du PDM-IF sont d\u00e9crits dans le livre blanc du PDM-IF.<\/li>\n<\/ul>\n\n\n\n<h3 class=\"wp-block-heading\">Vue d&#8217;ensemble<\/h3>\n\n\n\n<p>Les tests r\u00e9alis\u00e9s conjointement par les d\u00e9veloppeurs ainsi que les meilleures pratiques approuv\u00e9es par les utilisateurs constituent la base de l\u2019interop\u00e9rabilit\u00e9 des solutions bas\u00e9es sur des standards. L\u2019une des principales t\u00e2ches du PDM-IF consiste donc \u00e0 d\u00e9finir les meilleures pratiques pour la mise en \u0153uvre de sc\u00e9narios de collaboration PDM2PDM, ainsi que de cas d\u2019interop\u00e9rabilit\u00e9 CAO et PDM, sur la base du mod\u00e8le de domaine XML STEP AP242 li\u00e9 aux donn\u00e9es g\u00e9om\u00e9triques. Sur la base des exigences identifi\u00e9es dans ces cas d\u2019usages, des lignes directrices de mise en \u0153uvre (appel\u00e9es \u00ab&nbsp;Pratiques Recommand\u00e9es&nbsp;\u00bb) sont cr\u00e9\u00e9es et valid\u00e9es lors de s\u00e9ries de tests r\u00e9alis\u00e9es en commun par les fournisseurs participants. Le PDM-IF est men\u00e9 conjointement par les associations&nbsp;<a href=\"https:\/\/www.prostep.org\/en\/\" target=\"_blank\" rel=\"noreferrer noopener\"><strong>prostep ivip<\/strong><\/a>&nbsp;et&nbsp;<a href=\"https:\/\/www.afnet.fr\/\" target=\"_blank\" rel=\"noreferrer noopener\"><strong>AFNeT<\/strong><\/a>. Il permet un \u00e9change strat\u00e9gique d\u2019informations et d\u2019exp\u00e9riences entre les utilisateurs et les vendeurs de solutions.<\/p>\n\n\n\n<p>La figure ci-dessous illustre le positionnement du PDM-IF :<\/p>\n\n\n<div class=\"wp-block-image\">\n<figure class=\"aligncenter size-medium\"><a href=\"https:\/\/www.mbx-if.org\/home\/wp-content\/uploads\/2025\/02\/pdm-if-vmodel.png\"><img loading=\"lazy\" decoding=\"async\" width=\"600\" height=\"340\" src=\"https:\/\/www.mbx-if.org\/home\/wp-content\/uploads\/2025\/02\/pdm-if-vmodel-600x340.png\" alt=\"\" class=\"wp-image-1282\" srcset=\"https:\/\/www.mbx-if.org\/home\/wp-content\/uploads\/2025\/02\/pdm-if-vmodel-600x340.png 600w, https:\/\/www.mbx-if.org\/home\/wp-content\/uploads\/2025\/02\/pdm-if-vmodel-1024x581.png 1024w, https:\/\/www.mbx-if.org\/home\/wp-content\/uploads\/2025\/02\/pdm-if-vmodel-768x436.png 768w, https:\/\/www.mbx-if.org\/home\/wp-content\/uploads\/2025\/02\/pdm-if-vmodel.png 1058w\" sizes=\"auto, (max-width: 600px) 100vw, 600px\" \/><\/a><\/figure>\n<\/div>\n\n\n<h3 class=\"wp-block-heading\">R\u00e9alisations<\/h3>\n\n\n\n<p>Les fonctionnalit\u00e9s d\u2019\u00e9change de donn\u00e9es STEP AP242 qui sont couvertes par les s\u00e9ries de tests du PDM-IF et les documents qui d\u00e9crivent les pratiques recommand\u00e9es sont consultables sur la page \u00ab&nbsp;Use Cases&nbsp;\u00bb. Les pratiques recommand\u00e9es qui en r\u00e9sultent peuvent \u00eatre t\u00e9l\u00e9charg\u00e9es sur la page \u00ab&nbsp;Documents&nbsp;\u00bb.<\/p>\n\n\n\n<h3 class=\"wp-block-heading\">P\u00e9rim\u00e8tre<\/h3>\n\n\n\n<p>Les cas d\u2019utilisation suivants sont en cours de r\u00e9alisation :<\/p>\n\n\n\n<ul class=\"wp-block-list\">\n<li>Fixations (g\u00e9om\u00e9trie 3D, param\u00e8tres, structure jumel\u00e9e, configuration et effectivit\u00e9)<\/li>\n\n\n\n<li>Effectivit\u00e9s du graphe de version (nouvelle fa\u00e7on de configurer le produit comme un logiciel)<\/li>\n\n\n\n<li>Relations M-BoM \u00e0 E-BoM<\/li>\n\n\n\n<li>Classification des donn\u00e9es pour le contr\u00f4le des exportations<\/li>\n<\/ul>\n\n\n\n<p>Les impl\u00e9menteurs passeront \u00e0 l\u2019\u00e9dition 4 de STEP AP242 pour prendre en charge les nouveaux m\u00e9canismes suivants&nbsp;: &nbsp;r\u00e9f\u00e9rencement des \u00e9l\u00e9ments externes, la gestion visuelle des probl\u00e8mes, l\u2019\u00e9change de delta, les pi\u00e8ces flexibles, les groupes de propri\u00e9t\u00e9s, les propri\u00e9t\u00e9s de validation LOTAR et d\u2019autres fonctionnalit\u00e9s, &#8230; Il s\u2019agira notamment de tester des sc\u00e9narios de collaboration CAx-PDM avec d\u2019autres groupes d\u2019impl\u00e9mentation.<\/p>\n\n\n\n<p>Apr\u00e8s avoir acquis de l\u2019exp\u00e9rience dans l\u2019utilisation des r\u00e8gles Schematron pour v\u00e9rifier la conformit\u00e9 des donn\u00e9es STEP XML aux pratiques recommand\u00e9es, un nouvel outil avanc\u00e9 de contr\u00f4le de la conformit\u00e9 a \u00e9t\u00e9 d\u00e9velopp\u00e9 pour faciliter l\u2019ajout de nouvelles r\u00e8gles, l\u2019extraction d\u2019un rapport de conformit\u00e9 ainsi que la performance.<\/p>\n\n\n\n<h3 class=\"wp-block-heading\">Planning<\/h3>\n\n\n<div class=\"wp-block-image\">\n<figure class=\"aligncenter size-full\"><img loading=\"lazy\" decoding=\"async\" width=\"605\" height=\"317\" src=\"https:\/\/www.mbx-if.de\/home\/wp-content\/uploads\/2023\/11\/pdm-if-planning.png\" alt=\"\" class=\"wp-image-393\" srcset=\"https:\/\/www.mbx-if.org\/home\/wp-content\/uploads\/2023\/11\/pdm-if-planning.png 605w, https:\/\/www.mbx-if.org\/home\/wp-content\/uploads\/2023\/11\/pdm-if-planning-300x157.png 300w\" sizes=\"auto, (max-width: 605px) 100vw, 605px\" \/><\/figure>\n<\/div>","protected":false},"excerpt":{"rendered":"<p>Introduction Les objectifs du Forum sur l&#8217;Interop\u00e9rabilit\u00e9 du PDM sont les suivants : Vue d&#8217;ensemble Les tests r\u00e9alis\u00e9s conjointement par les d\u00e9veloppeurs ainsi que les meilleures pratiques approuv\u00e9es par les utilisateurs constituent la base de l\u2019interop\u00e9rabilit\u00e9 des solutions bas\u00e9es sur des standards. L\u2019une des principales t\u00e2ches du PDM-IF consiste donc \u00e0 d\u00e9finir les meilleures pratiques pour la mise en \u0153uvre de sc\u00e9narios de collaboration PDM2PDM, ainsi que de cas d\u2019interop\u00e9rabilit\u00e9 CAO et PDM, sur la base du mod\u00e8le de domaine XML STEP AP242 li\u00e9 aux donn\u00e9es g\u00e9om\u00e9triques. Sur la base des exigences identifi\u00e9es dans ces cas d\u2019usages, des lignes directrices de mise en \u0153uvre (appel\u00e9es \u00ab&nbsp;Pratiques Recommand\u00e9es&nbsp;\u00bb) sont cr\u00e9\u00e9es et valid\u00e9es lors de s\u00e9ries de tests r\u00e9alis\u00e9es en commun par les fournisseurs participants. Le PDM-IF est men\u00e9 conjointement par les associations&nbsp;prostep ivip&nbsp;et&nbsp;AFNeT. Il permet un \u00e9change strat\u00e9gique d\u2019informations et d\u2019exp\u00e9riences entre les utilisateurs et les vendeurs de solutions. La figure ci-dessous illustre le positionnement du PDM-IF : R\u00e9alisations Les fonctionnalit\u00e9s d\u2019\u00e9change de donn\u00e9es STEP AP242 qui sont couvertes par les s\u00e9ries de tests du PDM-IF et les documents qui d\u00e9crivent les pratiques recommand\u00e9es sont consultables sur la page \u00ab&nbsp;Use Cases&nbsp;\u00bb. Les pratiques recommand\u00e9es qui en r\u00e9sultent peuvent \u00eatre t\u00e9l\u00e9charg\u00e9es sur la page \u00ab&nbsp;Documents&nbsp;\u00bb. P\u00e9rim\u00e8tre Les cas d\u2019utilisation suivants sont en cours de r\u00e9alisation : Les impl\u00e9menteurs passeront \u00e0 l\u2019\u00e9dition 4 de STEP AP242 pour prendre en charge les nouveaux m\u00e9canismes suivants&nbsp;: &nbsp;r\u00e9f\u00e9rencement des \u00e9l\u00e9ments externes, la gestion visuelle des probl\u00e8mes, l\u2019\u00e9change de delta, les pi\u00e8ces flexibles, les groupes de propri\u00e9t\u00e9s, les propri\u00e9t\u00e9s de validation LOTAR et d\u2019autres fonctionnalit\u00e9s, &#8230; Il s\u2019agira notamment de tester des sc\u00e9narios de collaboration CAx-PDM avec d\u2019autres groupes d\u2019impl\u00e9mentation. Apr\u00e8s avoir acquis de l\u2019exp\u00e9rience dans l\u2019utilisation des r\u00e8gles Schematron pour v\u00e9rifier la conformit\u00e9 des donn\u00e9es STEP XML aux pratiques recommand\u00e9es, un nouvel outil avanc\u00e9 de contr\u00f4le de la conformit\u00e9 a \u00e9t\u00e9 d\u00e9velopp\u00e9 pour faciliter l\u2019ajout de nouvelles r\u00e8gles, l\u2019extraction d\u2019un rapport de conformit\u00e9 ainsi que la performance. Planning<\/p>\n","protected":false},"author":1,"featured_media":0,"parent":0,"menu_order":16,"comment_status":"closed","ping_status":"closed","template":"","meta":{"_acf_changed":false,"footnotes":""},"class_list":["post-415","page","type-page","status-publish","hentry"],"acf":[],"_links":{"self":[{"href":"https:\/\/www.mbx-if.org\/home\/wp-json\/wp\/v2\/pages\/415","targetHints":{"allow":["GET"]}}],"collection":[{"href":"https:\/\/www.mbx-if.org\/home\/wp-json\/wp\/v2\/pages"}],"about":[{"href":"https:\/\/www.mbx-if.org\/home\/wp-json\/wp\/v2\/types\/page"}],"author":[{"embeddable":true,"href":"https:\/\/www.mbx-if.org\/home\/wp-json\/wp\/v2\/users\/1"}],"replies":[{"embeddable":true,"href":"https:\/\/www.mbx-if.org\/home\/wp-json\/wp\/v2\/comments?post=415"}],"version-history":[{"count":1,"href":"https:\/\/www.mbx-if.org\/home\/wp-json\/wp\/v2\/pages\/415\/revisions"}],"predecessor-version":[{"id":1284,"href":"https:\/\/www.mbx-if.org\/home\/wp-json\/wp\/v2\/pages\/415\/revisions\/1284"}],"wp:attachment":[{"href":"https:\/\/www.mbx-if.org\/home\/wp-json\/wp\/v2\/media?parent=415"}],"curies":[{"name":"wp","href":"https:\/\/api.w.org\/{rel}","templated":true}]}}