{"id":1389,"date":"2025-06-05T18:01:42","date_gmt":"2025-06-05T16:01:42","guid":{"rendered":"https:\/\/www.mbx-if.org\/home\/?page_id=1389"},"modified":"2025-06-24T15:05:28","modified_gmt":"2025-06-24T13:05:28","slug":"enquete-visualisaseurs","status":"publish","type":"page","link":"https:\/\/www.mbx-if.org\/home\/fr\/mbx-if\/ressources\/enquete-visualisaseurs\/","title":{"rendered":"Enqu\u00eate sur les Visualisaseurs STEP"},"content":{"rendered":"\n<p>L&#8217;\u00e9quipe MBx-IF a r\u00e9cemment men\u00e9 une enqu\u00eate sur les visualisaseurs STEP qui fournit des exigences pour les applications de visualisation STEP pour diff\u00e9rents domaines (par exemple, CAO, PDM,\u2026). Cette enqu\u00eate a \u00e9t\u00e9 distribu\u00e9e \u00e0 un large \u00e9ventail de fournisseurs afin qu&#8217;ils proc\u00e8dent \u00e0 une <strong>auto-\u00e9valuation<\/strong> de leurs outils. Les r\u00e9ponses sont disponibles sur cette page.<\/p>\n\n\n\n<p><strong>Notez <\/strong>que cette enqu\u00eate \u00e9tait une <strong>auto-\u00e9valuation<\/strong>, elle ne repr\u00e9sente pas une r\u00e9f\u00e9rence officielle ou une mesure de la qualit\u00e9, et n&#8217;implique aucune approbation des applications list\u00e9es.<\/p>\n\n\n\n<p>Une br\u00e8ve description des diff\u00e9rentes exigences peut \u00eatre trouv\u00e9e dans &#8211;> <a href=\"https:\/\/www.mbx-if.org\/home\/wp-content\/uploads\/2025\/06\/MBx-IF_STEP_Viewer_Requirements.pdf\" data-type=\"attachment\" data-id=\"1398\">cette pr\u00e9sentation<\/a>.<\/p>\n\n\n\n<p>Si vous \u00eates un \u00e9diteur de logiciels proposant un visualiseur STEP et que vous souhaitez ajouter ou mettre \u00e0 jour les informations relatives \u00e0 votre outil, veuillez contacter l&#8217;\u00e9quipe MBx-IF \u00e0 l&#8217;adresse suivante :  <a href=\"mailto:viewer.survey@mbx-if.org\">viewer.survey@mbx-if.org<\/a>.<\/p>\n\n\n<p><center><\/p>\n<form method=\"post\">\n<table class=\"coverage-select\">\n<tr>\n<td>Select Domain:<\/td>\n<td>\n<select name=\"file_id\" onchange=\"javascript:document.forms[1].submit();\"><option value=\"0\">&#8212; None selected &#8212;<\/option><option value=\"2\">CAD Viewing Requirements<\/option><option value=\"3\">Functional Requirements<\/option><option value=\"4\">Non-Functional Requirements<\/option><option value=\"1\">PDM Viewing Requirements<\/option><\/select><\/td>\n<\/tr>\n<\/table>\n<\/form>\n<p><\/center><\/p>\n<hr noshade color=\"#606060\"; size=2 width=100% align=\"center\">\n\n","protected":false},"excerpt":{"rendered":"<p>L&#8217;\u00e9quipe MBx-IF a r\u00e9cemment men\u00e9 une enqu\u00eate sur les visualisaseurs STEP qui fournit des exigences pour les applications de visualisation STEP pour diff\u00e9rents domaines (par exemple, CAO, PDM,\u2026). Cette enqu\u00eate a \u00e9t\u00e9 distribu\u00e9e \u00e0 un large \u00e9ventail de fournisseurs afin qu&#8217;ils proc\u00e8dent \u00e0 une auto-\u00e9valuation de leurs outils. Les r\u00e9ponses sont disponibles sur cette page. Notez que cette enqu\u00eate \u00e9tait une auto-\u00e9valuation, elle ne repr\u00e9sente pas une r\u00e9f\u00e9rence officielle ou une mesure de la qualit\u00e9, et n&#8217;implique aucune approbation des applications list\u00e9es. Une br\u00e8ve description des diff\u00e9rentes exigences peut \u00eatre trouv\u00e9e dans &#8211;> cette pr\u00e9sentation. Si vous \u00eates un \u00e9diteur de logiciels proposant un visualiseur STEP et que vous souhaitez ajouter ou mettre \u00e0 jour les informations relatives \u00e0 votre outil, veuillez contacter l&#8217;\u00e9quipe MBx-IF \u00e0 l&#8217;adresse suivante : viewer.survey@mbx-if.org.<\/p>\n","protected":false},"author":1,"featured_media":0,"parent":1070,"menu_order":0,"comment_status":"closed","ping_status":"closed","template":"","meta":{"_acf_changed":false,"footnotes":""},"class_list":["post-1389","page","type-page","status-publish","hentry"],"acf":[],"_links":{"self":[{"href":"https:\/\/www.mbx-if.org\/home\/wp-json\/wp\/v2\/pages\/1389","targetHints":{"allow":["GET"]}}],"collection":[{"href":"https:\/\/www.mbx-if.org\/home\/wp-json\/wp\/v2\/pages"}],"about":[{"href":"https:\/\/www.mbx-if.org\/home\/wp-json\/wp\/v2\/types\/page"}],"author":[{"embeddable":true,"href":"https:\/\/www.mbx-if.org\/home\/wp-json\/wp\/v2\/users\/1"}],"replies":[{"embeddable":true,"href":"https:\/\/www.mbx-if.org\/home\/wp-json\/wp\/v2\/comments?post=1389"}],"version-history":[{"count":2,"href":"https:\/\/www.mbx-if.org\/home\/wp-json\/wp\/v2\/pages\/1389\/revisions"}],"predecessor-version":[{"id":1400,"href":"https:\/\/www.mbx-if.org\/home\/wp-json\/wp\/v2\/pages\/1389\/revisions\/1400"}],"up":[{"embeddable":true,"href":"https:\/\/www.mbx-if.org\/home\/wp-json\/wp\/v2\/pages\/1070"}],"wp:attachment":[{"href":"https:\/\/www.mbx-if.org\/home\/wp-json\/wp\/v2\/media?parent=1389"}],"curies":[{"name":"wp","href":"https:\/\/api.w.org\/{rel}","templated":true}]}}