{"id":1136,"date":"2024-09-13T16:55:23","date_gmt":"2024-09-13T14:55:23","guid":{"rendered":"https:\/\/www.mbx-if.org\/home\/?page_id=1136"},"modified":"2025-10-27T10:40:24","modified_gmt":"2025-10-27T09:40:24","slug":"implementeurs","status":"publish","type":"page","link":"https:\/\/www.mbx-if.org\/home\/fr\/ewis-if-2\/implementeurs\/","title":{"rendered":"Groupe d\u2019Impl\u00e9menteurs du EWIS-IF"},"content":{"rendered":"\n<p>L&#8217;objectif du groupe d&#8217;impl\u00e9mentation EWIS-IF est d&#8217;acc\u00e9l\u00e9rer le d\u00e9veloppement et la disponibilit\u00e9 g\u00e9n\u00e9rale de solutions d&#8217;interop\u00e9rabilit\u00e9 pour les syst\u00e8mes d&#8217;interconnexion de c\u00e2blage \u00e9lectrique bas\u00e9s sur les normes ouvertes ISO, en particulier AP242. Ces solutions reposent sur des convertisseurs et des outils de validation r\u00e9pondant aux besoins de l&#8217;industrie en mati\u00e8re d&#8217;interop\u00e9rabilit\u00e9 EWIS.<\/p>\n\n\n\n<p>Les s\u00e9ries de tests permettent aux fournisseurs de tester de nouvelles approches et d&#8217;am\u00e9liorer leurs impl\u00e9mentations afin que les capacit\u00e9s nouvellement introduites soient robustes et stables. La port\u00e9e et le calendrier d\u00e9taill\u00e9s de chaque s\u00e9rie de tests seront d\u00e9finis par le groupe d&#8217;impl\u00e9mentation, sur la base des exigences d\u00e9finies par le groupe d&#8217;utilisateurs.<\/p>\n\n\n\n<h3 class=\"wp-block-heading\">Soci\u00e9t\u00e9s membres<\/h3>\n\n\n\n<ul class=\"wp-block-list\">\n<li><a href=\"https:\/\/www.coretechnologie.com\/fr.html\" target=\"_blank\" rel=\"noreferrer noopener\">CT CoreTechnologie<\/a><\/li>\n\n\n\n<li><a href=\"https:\/\/www.datakit.com\/fr\/\" target=\"_blank\" rel=\"noreferrer noopener\">Datakit<\/a><\/li>\n\n\n\n<li><a href=\"https:\/\/lksoft.com\/\">LKSoft<\/a><\/li>\n<\/ul>\n\n\n\n<h3 class=\"wp-block-heading\">Coordinateurs<\/h3>\n\n\n\n<p>Pour entrer en contact avec la communaut\u00e9, veuillez contacter :<\/p>\n\n\n\n<ul class=\"wp-block-list\">\n<li>Lothar Klein, LKSoft \u2013&nbsp;<a href=\"mailto:lothar.klein@lksoft.com\">lothar(dot)klein(at)lksoft(dot)com<\/a><\/li>\n\n\n\n<li>Thomas Rousselot, AFNeT Services &#8211; <a href=\"mailto:thomas.rousselot@afnet-services.fr\">thomas(dot)rousselot(at)afnet-services(dot)fr<\/a><\/li>\n<\/ul>\n\n\n\n<p><\/p>\n","protected":false},"excerpt":{"rendered":"<p>L&#8217;objectif du groupe d&#8217;impl\u00e9mentation EWIS-IF est d&#8217;acc\u00e9l\u00e9rer le d\u00e9veloppement et la disponibilit\u00e9 g\u00e9n\u00e9rale de solutions d&#8217;interop\u00e9rabilit\u00e9 pour les syst\u00e8mes d&#8217;interconnexion de c\u00e2blage \u00e9lectrique bas\u00e9s sur les normes ouvertes ISO, en particulier AP242. Ces solutions reposent sur des convertisseurs et des outils de validation r\u00e9pondant aux besoins de l&#8217;industrie en mati\u00e8re d&#8217;interop\u00e9rabilit\u00e9 EWIS. Les s\u00e9ries de tests permettent aux fournisseurs de tester de nouvelles approches et d&#8217;am\u00e9liorer leurs impl\u00e9mentations afin que les capacit\u00e9s nouvellement introduites soient robustes et stables. La port\u00e9e et le calendrier d\u00e9taill\u00e9s de chaque s\u00e9rie de tests seront d\u00e9finis par le groupe d&#8217;impl\u00e9mentation, sur la base des exigences d\u00e9finies par le groupe d&#8217;utilisateurs. Soci\u00e9t\u00e9s membres Coordinateurs Pour entrer en contact avec la communaut\u00e9, veuillez contacter :<\/p>\n","protected":false},"author":1,"featured_media":0,"parent":1129,"menu_order":2,"comment_status":"closed","ping_status":"closed","template":"","meta":{"_acf_changed":false,"footnotes":""},"class_list":["post-1136","page","type-page","status-publish","hentry"],"acf":[],"_links":{"self":[{"href":"https:\/\/www.mbx-if.org\/home\/wp-json\/wp\/v2\/pages\/1136","targetHints":{"allow":["GET"]}}],"collection":[{"href":"https:\/\/www.mbx-if.org\/home\/wp-json\/wp\/v2\/pages"}],"about":[{"href":"https:\/\/www.mbx-if.org\/home\/wp-json\/wp\/v2\/types\/page"}],"author":[{"embeddable":true,"href":"https:\/\/www.mbx-if.org\/home\/wp-json\/wp\/v2\/users\/1"}],"replies":[{"embeddable":true,"href":"https:\/\/www.mbx-if.org\/home\/wp-json\/wp\/v2\/comments?post=1136"}],"version-history":[{"count":3,"href":"https:\/\/www.mbx-if.org\/home\/wp-json\/wp\/v2\/pages\/1136\/revisions"}],"predecessor-version":[{"id":1518,"href":"https:\/\/www.mbx-if.org\/home\/wp-json\/wp\/v2\/pages\/1136\/revisions\/1518"}],"up":[{"embeddable":true,"href":"https:\/\/www.mbx-if.org\/home\/wp-json\/wp\/v2\/pages\/1129"}],"wp:attachment":[{"href":"https:\/\/www.mbx-if.org\/home\/wp-json\/wp\/v2\/media?parent=1136"}],"curies":[{"name":"wp","href":"https:\/\/api.w.org\/{rel}","templated":true}]}}