{"id":1129,"date":"2024-09-13T16:49:04","date_gmt":"2024-09-13T14:49:04","guid":{"rendered":"https:\/\/www.mbx-if.org\/home\/?page_id=1129"},"modified":"2024-09-13T16:49:27","modified_gmt":"2024-09-13T14:49:27","slug":"ewis-if-2","status":"publish","type":"page","link":"https:\/\/www.mbx-if.org\/home\/fr\/ewis-if-2\/","title":{"rendered":"EWIS &#8211; Forum d&#8217;Interop\u00e9rabilit\u00e9"},"content":{"rendered":"\n<h3 class=\"wp-block-heading\">Introduction<\/h3>\n\n\n\n<p>Le forum d&#8217;interop\u00e9rabilit\u00e9 EWIS (Electrical Wiring Interconnection Systems) (EWIS-IF) est un domaine sp\u00e9cialis\u00e9 au sein du MBx-IF.<\/p>\n\n\n\n<p>Les objectifs de l&#8217;EWIS-IF sont d&#8217;acc\u00e9l\u00e9rer le d\u00e9veloppement d&#8217;interfaces de donn\u00e9es d&#8217;informations sur les faisceaux de c\u00e2bles \u00e9lectriques bas\u00e9es sur la norme ISO 10303 AP242.<\/p>\n\n\n\n<p>L&#8217;EWIS-IF est compos\u00e9 de repr\u00e9sentants de l&#8217;industrie (les utilisateurs) et de fournisseurs d&#8217;outils \u00e9lectriques (les impl\u00e9menteurs) qui travailleront ensemble pour am\u00e9liorer la qualit\u00e9 des traducteurs \u00e9lectriques STEP AP242 et r\u00e9duire les d\u00e9lais de mise sur le march\u00e9 des traducteurs.<\/p>\n\n\n\n<h3 class=\"wp-block-heading\">L&#8217;organisation<\/h3>\n\n\n\n<p>Le Forum d&#8217;interop\u00e9rabilit\u00e9 EWIS est organis\u00e9 en deux groupes :<\/p>\n\n\n\n<ul class=\"wp-block-list\">\n<li>Le groupe des utilisateurs, compos\u00e9 de repr\u00e9sentants de l&#8217;industrie, qui d\u00e9finit les priorit\u00e9s de mise en \u0153uvre des interfaces STEP AP242 ed2 pour les harnais \u00e9lectriques en d\u00e9finissant des cas d&#8217;utilisation et des cas de test.<\/li>\n\n\n\n<li>Le groupe d&#8217;impl\u00e9mentation, compos\u00e9 de fournisseurs d&#8217;outils \u00e9lectriques, qui est en charge de :<br>L&#8217;impl\u00e9mentation et la validation des pratiques recommand\u00e9es de STEP Electrical<br>Les s\u00e9ries de tests d&#8217;interop\u00e9rabilit\u00e9<\/li>\n<\/ul>\n\n\n<div class=\"wp-block-image\">\n<figure class=\"aligncenter size-medium\"><a href=\"https:\/\/www.mbx-if.org\/home\/wp-content\/uploads\/2024\/06\/EWIS_Organisation_UG_IG.png\"><img loading=\"lazy\" decoding=\"async\" width=\"600\" height=\"172\" src=\"https:\/\/www.mbx-if.org\/home\/wp-content\/uploads\/2024\/06\/EWIS_Organisation_UG_IG-600x172.png\" alt=\"\" class=\"wp-image-895\" srcset=\"https:\/\/www.mbx-if.org\/home\/wp-content\/uploads\/2024\/06\/EWIS_Organisation_UG_IG-600x172.png 600w, https:\/\/www.mbx-if.org\/home\/wp-content\/uploads\/2024\/06\/EWIS_Organisation_UG_IG-1024x293.png 1024w, https:\/\/www.mbx-if.org\/home\/wp-content\/uploads\/2024\/06\/EWIS_Organisation_UG_IG-768x220.png 768w, https:\/\/www.mbx-if.org\/home\/wp-content\/uploads\/2024\/06\/EWIS_Organisation_UG_IG-1140x326.png 1140w, https:\/\/www.mbx-if.org\/home\/wp-content\/uploads\/2024\/06\/EWIS_Organisation_UG_IG.png 1171w\" sizes=\"auto, (max-width: 600px) 100vw, 600px\" \/><\/a><\/figure>\n<\/div>","protected":false},"excerpt":{"rendered":"<p>Introduction Le forum d&#8217;interop\u00e9rabilit\u00e9 EWIS (Electrical Wiring Interconnection Systems) (EWIS-IF) est un domaine sp\u00e9cialis\u00e9 au sein du MBx-IF. Les objectifs de l&#8217;EWIS-IF sont d&#8217;acc\u00e9l\u00e9rer le d\u00e9veloppement d&#8217;interfaces de donn\u00e9es d&#8217;informations sur les faisceaux de c\u00e2bles \u00e9lectriques bas\u00e9es sur la norme ISO 10303 AP242. L&#8217;EWIS-IF est compos\u00e9 de repr\u00e9sentants de l&#8217;industrie (les utilisateurs) et de fournisseurs d&#8217;outils \u00e9lectriques (les impl\u00e9menteurs) qui travailleront ensemble pour am\u00e9liorer la qualit\u00e9 des traducteurs \u00e9lectriques STEP AP242 et r\u00e9duire les d\u00e9lais de mise sur le march\u00e9 des traducteurs. L&#8217;organisation Le Forum d&#8217;interop\u00e9rabilit\u00e9 EWIS est organis\u00e9 en deux groupes :<\/p>\n","protected":false},"author":1,"featured_media":0,"parent":0,"menu_order":18,"comment_status":"closed","ping_status":"closed","template":"","meta":{"_acf_changed":false,"footnotes":""},"class_list":["post-1129","page","type-page","status-publish","hentry"],"acf":[],"_links":{"self":[{"href":"https:\/\/www.mbx-if.org\/home\/wp-json\/wp\/v2\/pages\/1129","targetHints":{"allow":["GET"]}}],"collection":[{"href":"https:\/\/www.mbx-if.org\/home\/wp-json\/wp\/v2\/pages"}],"about":[{"href":"https:\/\/www.mbx-if.org\/home\/wp-json\/wp\/v2\/types\/page"}],"author":[{"embeddable":true,"href":"https:\/\/www.mbx-if.org\/home\/wp-json\/wp\/v2\/users\/1"}],"replies":[{"embeddable":true,"href":"https:\/\/www.mbx-if.org\/home\/wp-json\/wp\/v2\/comments?post=1129"}],"version-history":[{"count":2,"href":"https:\/\/www.mbx-if.org\/home\/wp-json\/wp\/v2\/pages\/1129\/revisions"}],"predecessor-version":[{"id":1131,"href":"https:\/\/www.mbx-if.org\/home\/wp-json\/wp\/v2\/pages\/1129\/revisions\/1131"}],"wp:attachment":[{"href":"https:\/\/www.mbx-if.org\/home\/wp-json\/wp\/v2\/media?parent=1129"}],"curies":[{"name":"wp","href":"https:\/\/api.w.org\/{rel}","templated":true}]}}