{"id":1127,"date":"2024-09-13T16:47:38","date_gmt":"2024-09-13T14:47:38","guid":{"rendered":"https:\/\/www.mbx-if.org\/home\/?page_id=1127"},"modified":"2025-10-27T10:40:40","modified_gmt":"2025-10-27T09:40:40","slug":"utilisateurs","status":"publish","type":"page","link":"https:\/\/www.mbx-if.org\/home\/fr\/ewis-if-2\/utilisateurs\/","title":{"rendered":"Groupe d&#8217;Utilisateurs du EWIS-IF"},"content":{"rendered":"\n<p>Le groupe d&#8217;utilisateurs EWIS-IF est compos\u00e9 de repr\u00e9sentants de l&#8217;industrie qui ont des exigences d&#8217;interop\u00e9rabilit\u00e9 EWIS et qui sont int\u00e9ress\u00e9s par l&#8217;acc\u00e9l\u00e9ration du d\u00e9veloppement, de la qualit\u00e9 et de la disponibilit\u00e9 des traducteurs STEP AP242.<\/p>\n\n\n\n<p>Le groupe d&#8217;utilisateurs est charg\u00e9 de<\/p>\n\n\n\n<ul class=\"wp-block-list\">\n<li>d&#8217;harmoniser le vocabulaire commercial<\/li>\n\n\n\n<li>D\u00e9finir conjointement les exigences commerciales de l&#8217;industrie et les cas d&#8217;utilisation bas\u00e9s sur l&#8217;exp\u00e9rience pratique des OEM et des fournisseurs.<\/li>\n\n\n\n<li>des cas de test et de la documentation associ\u00e9e<\/li>\n\n\n\n<li>Propri\u00e9t\u00e9s de validation et recommandations en mati\u00e8re d&#8217;informations minimales<\/li>\n\n\n\n<li>Priorit\u00e9s en termes de port\u00e9e des impl\u00e9mentations d&#8217;applications en fonction de leurs exigences et de leurs cas d&#8217;utilisation<\/li>\n<\/ul>\n\n\n\n<h3 class=\"wp-block-heading\">Soci\u00e9t\u00e9s membres<\/h3>\n\n\n\n<ul class=\"wp-block-list\">\n<li><a href=\"https:\/\/www.airbus.com\/en\" target=\"_blank\" rel=\"noreferrer noopener\">Airbus<\/a><\/li>\n\n\n\n<li><a href=\"https:\/\/www.boeing.com\/\" target=\"_blank\" rel=\"noreferrer noopener\">The Boeing Company<\/a><\/li>\n\n\n\n<li><a href=\"https:\/\/www.gknaerospace.com\/about-us\/gkn-fokker\/\" target=\"_blank\" rel=\"noreferrer noopener\">Fokker<\/a><\/li>\n\n\n\n<li><a href=\"https:\/\/www.gulfstream.com\/\" target=\"_blank\" rel=\"noreferrer noopener\">Gulfstream<\/a><\/li>\n\n\n\n<li><a href=\"https:\/\/www.mbda-systems.com\/\" target=\"_blank\" rel=\"noreferrer noopener\">MBDA<\/a><\/li>\n<\/ul>\n\n\n\n<h3 class=\"wp-block-heading\">Coordinateurs<\/h3>\n\n\n\n<p>Pour entrer en contact avec la communaut\u00e9, veuillez contacter :<\/p>\n\n\n\n<ul class=\"wp-block-list\">\n<li>Dan Ganser, Gulfstream \u2013&nbsp;<a href=\"mailto:dan.ganser@gulfstream.com\">dan(dot)ganser(at)gulfstream(dot)com<\/a><\/li>\n\n\n\n<li>Thomas Rousselot, AFNeT Services &#8211; <a href=\"mailto:thomas.rousselot@afnet-services.fr\">thomas(dot)rousselot(at)afnet-services(dot)fr<\/a><\/li>\n<\/ul>\n\n\n\n<p><\/p>\n","protected":false},"excerpt":{"rendered":"<p>Le groupe d&#8217;utilisateurs EWIS-IF est compos\u00e9 de repr\u00e9sentants de l&#8217;industrie qui ont des exigences d&#8217;interop\u00e9rabilit\u00e9 EWIS et qui sont int\u00e9ress\u00e9s par l&#8217;acc\u00e9l\u00e9ration du d\u00e9veloppement, de la qualit\u00e9 et de la disponibilit\u00e9 des traducteurs STEP AP242. Le groupe d&#8217;utilisateurs est charg\u00e9 de Soci\u00e9t\u00e9s membres Coordinateurs Pour entrer en contact avec la communaut\u00e9, veuillez contacter :<\/p>\n","protected":false},"author":1,"featured_media":0,"parent":1129,"menu_order":1,"comment_status":"closed","ping_status":"closed","template":"","meta":{"_acf_changed":false,"footnotes":""},"class_list":["post-1127","page","type-page","status-publish","hentry"],"acf":[],"_links":{"self":[{"href":"https:\/\/www.mbx-if.org\/home\/wp-json\/wp\/v2\/pages\/1127","targetHints":{"allow":["GET"]}}],"collection":[{"href":"https:\/\/www.mbx-if.org\/home\/wp-json\/wp\/v2\/pages"}],"about":[{"href":"https:\/\/www.mbx-if.org\/home\/wp-json\/wp\/v2\/types\/page"}],"author":[{"embeddable":true,"href":"https:\/\/www.mbx-if.org\/home\/wp-json\/wp\/v2\/users\/1"}],"replies":[{"embeddable":true,"href":"https:\/\/www.mbx-if.org\/home\/wp-json\/wp\/v2\/comments?post=1127"}],"version-history":[{"count":4,"href":"https:\/\/www.mbx-if.org\/home\/wp-json\/wp\/v2\/pages\/1127\/revisions"}],"predecessor-version":[{"id":1519,"href":"https:\/\/www.mbx-if.org\/home\/wp-json\/wp\/v2\/pages\/1127\/revisions\/1519"}],"up":[{"embeddable":true,"href":"https:\/\/www.mbx-if.org\/home\/wp-json\/wp\/v2\/pages\/1129"}],"wp:attachment":[{"href":"https:\/\/www.mbx-if.org\/home\/wp-json\/wp\/v2\/media?parent=1127"}],"curies":[{"name":"wp","href":"https:\/\/api.w.org\/{rel}","templated":true}]}}