{"id":1099,"date":"2024-09-13T16:13:41","date_gmt":"2024-09-13T14:13:41","guid":{"rendered":"https:\/\/www.mbx-if.org\/home\/?page_id=1099"},"modified":"2024-09-26T14:40:33","modified_gmt":"2024-09-26T12:40:33","slug":"dimplementeurs","status":"publish","type":"page","link":"https:\/\/www.mbx-if.org\/home\/fr\/cae-if\/dimplementeurs\/","title":{"rendered":"Groupe d\u2019impl\u00e9menteurs du CAE-IF"},"content":{"rendered":"\n<h3 class=\"wp-block-heading\">D\u00e9roulement d&#8217;une campagne de tests CAE :<\/h3>\n\n\n\n<p>Une campagne de test comporte habituellement :<\/p>\n\n\n\n<ul class=\"wp-block-list\">\n<li>une phase de pr\u00e9paration pour la mise en forme des cas tests, ainsi que tous les documents de r\u00e9f\u00e9rence n\u00e9cessaires, tels que les &#8220;Recommended Practises&#8221;.<\/li>\n\n\n\n<li>et une phase de test o\u00f9 les participants r\u00e9alisent les conversions et \u00e9changes crois\u00e9s, et partagent les r\u00e9sultats.<\/li>\n<\/ul>\n\n\n\n<p>Chaque phase dure approximativement 3 mois.<\/p>\n\n\n<div class=\"wp-block-image\">\n<figure class=\"aligncenter size-medium\"><a href=\"https:\/\/www.mbx-if.org\/home\/wp-content\/uploads\/2024\/06\/cae_testing_methodology.png\"><img loading=\"lazy\" decoding=\"async\" width=\"600\" height=\"277\" src=\"https:\/\/www.mbx-if.org\/home\/wp-content\/uploads\/2024\/06\/cae_testing_methodology-600x277.png\" alt=\"\" class=\"wp-image-879\" srcset=\"https:\/\/www.mbx-if.org\/home\/wp-content\/uploads\/2024\/06\/cae_testing_methodology-600x277.png 600w, https:\/\/www.mbx-if.org\/home\/wp-content\/uploads\/2024\/06\/cae_testing_methodology-1024x473.png 1024w, https:\/\/www.mbx-if.org\/home\/wp-content\/uploads\/2024\/06\/cae_testing_methodology-768x355.png 768w, https:\/\/www.mbx-if.org\/home\/wp-content\/uploads\/2024\/06\/cae_testing_methodology-1536x709.png 1536w, https:\/\/www.mbx-if.org\/home\/wp-content\/uploads\/2024\/06\/cae_testing_methodology-1140x526.png 1140w, https:\/\/www.mbx-if.org\/home\/wp-content\/uploads\/2024\/06\/cae_testing_methodology.png 1826w\" sizes=\"auto, (max-width: 600px) 100vw, 600px\" \/><\/a><figcaption class=\"wp-element-caption\"><em>D\u00e9roulement d&#8217;une campagne de tests CAE<\/em><\/figcaption><\/figure>\n<\/div>\n\n\n<h3 class=\"wp-block-heading\"><strong>Programmation habituelle des campagnes de tests CAE :<\/strong><\/h3>\n\n\n\n<p>Le CAE-IF organise 2 campagnes de tests par an.<\/p>\n\n\n\n<p>La campagne de&nbsp;<strong>Printemps&nbsp;<\/strong>d\u00e9bute pendant le s\u00e9minaire du MBx-IF en Mars et les conclusions sont pr\u00e9sent\u00e9es pendant le s\u00e9minaire de Juin, alors que la campagne d&#8217;<strong>Automne&nbsp;<\/strong>d\u00e9bute pendant le s\u00e9minaire de Septembre, les conclusions \u00e9tant pr\u00e9sent\u00e9es en D\u00e9cembre.<\/p>\n\n\n\n<h3 class=\"wp-block-heading\"><strong>Liste des campagnes de test CAE :<\/strong><\/h3>\n\n\n\n<figure class=\"wp-block-table aligncenter w-70\"><table><thead><tr><th>Campagne<\/th><th>Test Suite<\/th><\/tr><\/thead><tbody><tr><td><strong>&nbsp;5S &#8211;&nbsp;<\/strong>L&#8217;automne 2019<\/td><td><a href=\"https:\/\/www.mbx-if.de\/home\/wp-content\/uploads\/2024\/06\/test_suite_5s_v1.pdf\" data-type=\"attachment\" data-id=\"882\" target=\"_blank\" rel=\"noreferrer noopener\">Version 1.0<\/a><\/td><\/tr><tr><td><strong>&nbsp;4S &#8211;&nbsp;<\/strong>Printemps 2019<\/td><td><a href=\"https:\/\/www.mbx-if.de\/home\/wp-content\/uploads\/2024\/06\/test_suite_4s_v1.pdf\" data-type=\"attachment\" data-id=\"880\" target=\"_blank\" rel=\"noreferrer noopener\">Version 1.0<\/a><\/td><\/tr><tr><td><strong>&nbsp;3S &#8211;&nbsp;<\/strong>L&#8217;automne2018<\/td><td><a href=\"https:\/\/www.mbx-if.de\/home\/wp-content\/uploads\/2024\/06\/test_suite_3s_v11.pdf\" data-type=\"attachment\" data-id=\"881\" target=\"_blank\" rel=\"noreferrer noopener\">Version 1.1<\/a><\/td><\/tr><tr><td><strong>&nbsp;2S &#8211;&nbsp;<\/strong>Printemps 2018<\/td><td><a href=\"https:\/\/www.mbx-if.de\/home\/wp-content\/uploads\/2024\/06\/test_suite_2s_v11.pdf\" data-type=\"attachment\" data-id=\"884\" target=\"_blank\" rel=\"noreferrer noopener\">Version 1.1<\/a><\/td><\/tr><tr><td><strong>&nbsp;1S &#8211;&nbsp;<\/strong>L&#8217;automne 2017<\/td><td><a href=\"https:\/\/www.mbx-if.de\/home\/wp-content\/uploads\/2024\/06\/test_suite_1s_v2.pdf\" data-type=\"attachment\" data-id=\"883\" target=\"_blank\" rel=\"noreferrer noopener\">Version 2.0<\/a><\/td><\/tr><\/tbody><\/table><\/figure>\n","protected":false},"excerpt":{"rendered":"<p>D\u00e9roulement d&#8217;une campagne de tests CAE : Une campagne de test comporte habituellement : Chaque phase dure approximativement 3 mois. Programmation habituelle des campagnes de tests CAE : Le CAE-IF organise 2 campagnes de tests par an. La campagne de&nbsp;Printemps&nbsp;d\u00e9bute pendant le s\u00e9minaire du MBx-IF en Mars et les conclusions sont pr\u00e9sent\u00e9es pendant le s\u00e9minaire de Juin, alors que la campagne d&#8217;Automne&nbsp;d\u00e9bute pendant le s\u00e9minaire de Septembre, les conclusions \u00e9tant pr\u00e9sent\u00e9es en D\u00e9cembre. Liste des campagnes de test CAE : Campagne Test Suite &nbsp;5S &#8211;&nbsp;L&#8217;automne 2019 Version 1.0 &nbsp;4S &#8211;&nbsp;Printemps 2019 Version 1.0 &nbsp;3S &#8211;&nbsp;L&#8217;automne2018 Version 1.1 &nbsp;2S &#8211;&nbsp;Printemps 2018 Version 1.1 &nbsp;1S &#8211;&nbsp;L&#8217;automne 2017 Version 2.0<\/p>\n","protected":false},"author":1,"featured_media":0,"parent":1094,"menu_order":1,"comment_status":"closed","ping_status":"closed","template":"","meta":{"_acf_changed":false,"footnotes":""},"class_list":["post-1099","page","type-page","status-publish","hentry"],"acf":[],"_links":{"self":[{"href":"https:\/\/www.mbx-if.org\/home\/wp-json\/wp\/v2\/pages\/1099","targetHints":{"allow":["GET"]}}],"collection":[{"href":"https:\/\/www.mbx-if.org\/home\/wp-json\/wp\/v2\/pages"}],"about":[{"href":"https:\/\/www.mbx-if.org\/home\/wp-json\/wp\/v2\/types\/page"}],"author":[{"embeddable":true,"href":"https:\/\/www.mbx-if.org\/home\/wp-json\/wp\/v2\/users\/1"}],"replies":[{"embeddable":true,"href":"https:\/\/www.mbx-if.org\/home\/wp-json\/wp\/v2\/comments?post=1099"}],"version-history":[{"count":3,"href":"https:\/\/www.mbx-if.org\/home\/wp-json\/wp\/v2\/pages\/1099\/revisions"}],"predecessor-version":[{"id":1118,"href":"https:\/\/www.mbx-if.org\/home\/wp-json\/wp\/v2\/pages\/1099\/revisions\/1118"}],"up":[{"embeddable":true,"href":"https:\/\/www.mbx-if.org\/home\/wp-json\/wp\/v2\/pages\/1094"}],"wp:attachment":[{"href":"https:\/\/www.mbx-if.org\/home\/wp-json\/wp\/v2\/media?parent=1099"}],"curies":[{"name":"wp","href":"https:\/\/api.w.org\/{rel}","templated":true}]}}