{"id":1085,"date":"2024-08-27T16:03:45","date_gmt":"2024-08-27T14:03:45","guid":{"rendered":"https:\/\/www.mbx-if.org\/home\/?page_id=1085"},"modified":"2026-02-17T08:21:17","modified_gmt":"2026-02-17T07:21:17","slug":"dates-evenements","status":"publish","type":"page","link":"https:\/\/www.mbx-if.org\/home\/fr\/mbx-if\/dates-evenements\/","title":{"rendered":"Dates &amp; \u00c9v\u00e9nements"},"content":{"rendered":"\n<h3 class=\"wp-block-heading\">Meetings MBx-IF 2026<\/h3>\n\n\n\n<ul class=\"wp-block-list\">\n<li><strong>R\u00e9union PDM-IF<\/strong>\n<ul class=\"wp-block-list\">\n<li>10-11 F\u00e9vrier 2026 ; R\u00e9union en ligne<\/li>\n<\/ul>\n<\/li>\n\n\n\n<li><strong>R\u00e9union d&#8217;\u00e9valuation CAx Ronde 57J<\/strong>\n<ul class=\"wp-block-list\">\n<li>23-27 Mars 2026; North Charleston, SC, USA<\/li>\n<\/ul>\n<\/li>\n\n\n\n<li><strong>R\u00e9union de lancement CAx Ronde 58J<\/strong>\n<ul class=\"wp-block-list\">\n<li>24 Juin 2026; R\u00e9union virtuelle<\/li>\n<\/ul>\n<\/li>\n\n\n\n<li><strong>R\u00e9union PDM-IF<\/strong>\n<ul class=\"wp-block-list\">\n<li>7-8 Juillet 2026; Hambourg, l&#8217;Allemagne<\/li>\n<\/ul>\n<\/li>\n\n\n\n<li><strong>R\u00e9union d&#8217;\u00e9valuation CAx Ronde 58J<\/strong>\n<ul class=\"wp-block-list\">\n<li>28 Septembre-2 Octobre 2026; Francfort, l&#8217;Allemagne<\/li>\n<\/ul>\n<\/li>\n\n\n\n<li><strong>R\u00e9union de lancement CAx Ronde 59J<\/strong>\n<ul class=\"wp-block-list\">\n<li>2 D\u00e9cembre 2026; R\u00e9union virtuelle<\/li>\n<\/ul>\n<\/li>\n<\/ul>\n\n\n\n<p>Toutes les r\u00e9unions CAx-IF ont lieu en m\u00eame temps qu&#8217;un&nbsp;<a href=\"https:\/\/lotar-international.org\/dates-communication\/\" target=\"_blank\" rel=\"noreferrer noopener\">Workshop LOTAR<\/a>.<\/p>\n\n\n\n<h3 class=\"wp-block-heading\">\u00c9v\u00e9nements connexes 2026<\/h3>\n\n\n\n<ul class=\"wp-block-list\">\n<li><strong><a href=\"https:\/\/www.afnet.fr\/standards-day-2026\/\">AFNeT Standards Day<\/a><\/strong>\n<ul class=\"wp-block-list\">\n<li>17 Mars 2026; Saint-Denis, France<\/li>\n<\/ul>\n<\/li>\n\n\n\n<li><strong><a href=\"https:\/\/www.prostep-ivip-symposium.org\/\" target=\"_blank\" rel=\"noreferrer noopener\">prostep ivip Symposium<\/a><\/strong>\n<ul class=\"wp-block-list\">\n<li>14-15 Avril 2026; Francfort, l&#8217;Allemagne<\/li>\n<\/ul>\n<\/li>\n\n\n\n<li><strong>R\u00e9union<\/strong> <strong>ISO TC184 SC4<\/strong>\n<ul class=\"wp-block-list\">\n<li>Mai 2026; Riyadh, l&#8217;Arabie Saoudite<\/li>\n<\/ul>\n<\/li>\n\n\n\n<li><strong>Engineering Interoperability Day, inclusivement STEP AP242 Day<\/strong>\n<ul class=\"wp-block-list\">\n<li>1 Octobre 2026; Francfort, l&#8217;Allemagne<\/li>\n<\/ul>\n<\/li>\n\n\n\n<li><strong>R\u00e9union<\/strong> <strong>ISO TC184 SC4<\/strong>\n<ul class=\"wp-block-list\">\n<li>1-7 Novembre 2026; Hangzhou, la Chine<\/li>\n<\/ul>\n<\/li>\n<\/ul>\n","protected":false},"excerpt":{"rendered":"<p>Meetings MBx-IF 2026 Toutes les r\u00e9unions CAx-IF ont lieu en m\u00eame temps qu&#8217;un&nbsp;Workshop LOTAR. \u00c9v\u00e9nements connexes 2026<\/p>\n","protected":false},"author":1,"featured_media":0,"parent":642,"menu_order":6,"comment_status":"closed","ping_status":"closed","template":"","meta":{"_acf_changed":false,"footnotes":""},"class_list":["post-1085","page","type-page","status-publish","hentry"],"acf":[],"_links":{"self":[{"href":"https:\/\/www.mbx-if.org\/home\/wp-json\/wp\/v2\/pages\/1085","targetHints":{"allow":["GET"]}}],"collection":[{"href":"https:\/\/www.mbx-if.org\/home\/wp-json\/wp\/v2\/pages"}],"about":[{"href":"https:\/\/www.mbx-if.org\/home\/wp-json\/wp\/v2\/types\/page"}],"author":[{"embeddable":true,"href":"https:\/\/www.mbx-if.org\/home\/wp-json\/wp\/v2\/users\/1"}],"replies":[{"embeddable":true,"href":"https:\/\/www.mbx-if.org\/home\/wp-json\/wp\/v2\/comments?post=1085"}],"version-history":[{"count":6,"href":"https:\/\/www.mbx-if.org\/home\/wp-json\/wp\/v2\/pages\/1085\/revisions"}],"predecessor-version":[{"id":1593,"href":"https:\/\/www.mbx-if.org\/home\/wp-json\/wp\/v2\/pages\/1085\/revisions\/1593"}],"up":[{"embeddable":true,"href":"https:\/\/www.mbx-if.org\/home\/wp-json\/wp\/v2\/pages\/642"}],"wp:attachment":[{"href":"https:\/\/www.mbx-if.org\/home\/wp-json\/wp\/v2\/media?parent=1085"}],"curies":[{"name":"wp","href":"https:\/\/api.w.org\/{rel}","templated":true}]}}