{"id":1076,"date":"2024-08-27T15:32:40","date_gmt":"2024-08-27T13:32:40","guid":{"rendered":"https:\/\/www.mbx-if.org\/home\/?page_id=1076"},"modified":"2024-08-27T15:32:41","modified_gmt":"2024-08-27T13:32:41","slug":"schemas-xsd","status":"publish","type":"page","link":"https:\/\/www.mbx-if.org\/home\/fr\/mbx-if\/ressources\/schemas-xsd\/","title":{"rendered":"Sch\u00e9mas XSD"},"content":{"rendered":"\n<p>Cette page fournit des liens vers les sch\u00e9mas XSD STEP AP242 pour r\u00e9f\u00e9rence. Dans l&#8217;\u00e9dition 1 de l&#8217;AP242, le sch\u00e9ma XSD \u00e9tait d\u00e9fini dans le \u00ab Business Object Model \u00bb (BO Model ; ISO 10303-3001). Depuis l&#8217;\u00e9dition 2, il est d\u00e9fini dans le \u00ab Domain Model \u00bb (ISO 10303-4442). Cette \u00e9volution est due aux am\u00e9liorations apport\u00e9es \u00e0 l&#8217;architecture de la norme STEP. Par cons\u00e9quent, le num\u00e9ro d&#8217;\u00e9dition indiqu\u00e9 dans un fichier XML ne correspond pas toujours au num\u00e9ro d&#8217;\u00e9dition de la norme AP242, comme le montre le tableau ci-dessous.<\/p>\n\n\n\n<p>Par exemple, un fichier XML AP242 faisant r\u00e9f\u00e9rence \u00e0 \u00ab <code>...\/iso\/ts\/10303\/-3001\/-ed-2\/...<\/code> \u00bb appartient \u00e0 l&#8217;ISO\/TS 10303-3001 (Business Object Model) Edition 2, qui fait partie du corrigendum technique AP242 Edition 1.<\/p>\n\n\n\n<p>Ces sch\u00e9mas XSD constituent la base de toutes les impl\u00e9mentations bas\u00e9es sur XML dans le MBx-IF. Chaque version des pratiques recommand\u00e9es pour AP242 XML mentionne la version du sch\u00e9ma correspondant dans la section 1.1.2 \u00ab Scope \u00bb.<\/p>\n\n\n\n<figure class=\"wp-block-table aligncenter\"><table><thead><tr><th class=\"has-text-align-center\" data-align=\"center\" colspan=\"2\">\nISO 10303-242<\/th><th class=\"has-text-align-center\" data-align=\"center\" colspan=\"3\">\nBusiness Object \/ Domain Model<\/th><th class=\"has-text-align-left\" data-align=\"left\">Sch\u00e9ma<\/th><\/tr><\/thead><tbody><tr><td class=\"has-text-align-center\" data-align=\"center\">\nAP242 Edition 3<\/td><td class=\"has-text-align-center\" data-align=\"center\">\n2022<\/td><td class=\"has-text-align-left\" data-align=\"left\">\nISO\/TS 10303-4442<\/td><td>\nEdition 3<\/td><td class=\"has-text-align-center\" data-align=\"center\">\n2022<\/td><td class=\"has-text-align-center\" data-align=\"center\">\n<a href=\"https:\/\/standards.iso.org\/iso\/ts\/10303\/-4442\/ed-3\/tech\/xml-schema\/domain_model\/DomainModel.xsd\" target=\"_blank\" rel=\"noreferrer noopener\">\nXSD<\/a>\n<\/td><\/tr><tr><td class=\"has-text-align-center\" data-align=\"center\">\nAP242 Edition 2<\/td><td class=\"has-text-align-center\" data-align=\"center\">\n2020<\/td><td class=\"has-text-align-left\" data-align=\"left\">\nISO\/TS 10303-4442<\/td><td>\nEdition 2<\/td><td class=\"has-text-align-center\" data-align=\"center\">\n2019<\/td><td class=\"has-text-align-center\" data-align=\"center\">\n<a href=\"https:\/\/standards.iso.org\/iso\/ts\/10303\/-4442\/ed-2\/tech\/xml-schema\/domain_model\/DomainModel.xsd\" target=\"_blank\" rel=\"noreferrer noopener\">\nXSD<\/a>\n<\/td><\/tr><tr><td class=\"has-text-align-center\" data-align=\"center\">\nAP242 Ed.1 TC *<\/td><td class=\"has-text-align-center\" data-align=\"center\">\n2016<\/td><td class=\"has-text-align-left\" data-align=\"left\">\nISO\/TS 10303-3001<\/td><td>\nEdition 2<\/td><td class=\"has-text-align-center\" data-align=\"center\">\n2018<\/td><td class=\"has-text-align-center\" data-align=\"center\">\n<a href=\"https:\/\/standards.iso.org\/iso\/ts\/10303\/-3001\/-ed-2\/tech\/xml-schema\/bo_model\/bom.xsd\" target=\"_blank\" rel=\"noreferrer noopener\">\nXSD<\/a>\n<\/td><\/tr><tr><td class=\"has-text-align-center\" data-align=\"center\">\nAP242 Edition 1<\/td><td class=\"has-text-align-center\" data-align=\"center\">\n2014<\/td><td class=\"has-text-align-left\" data-align=\"left\">\nISO\/TS 10303-3001<\/td><td>\nEdition 1<\/td><td class=\"has-text-align-center\" data-align=\"center\">\n2014<\/td><td class=\"has-text-align-center\" data-align=\"center\">\n<a href=\"https:\/\/standards.iso.org\/iso\/ts\/10303\/-3001\/-ed-1\/tech\/xml-schema\/bo_model\/bom.xsd\" target=\"_blank\" rel=\"noreferrer noopener\">\nXSD<\/a>\n<\/td><\/tr><\/tbody><\/table><figcaption class=\"wp-element-caption\">\n<em>\n* TC = Technical Corrigendum<\/em>\n<\/figcaption><\/figure>\n\n\n\n<p>Les versions de sch\u00e9ma les plus utilis\u00e9es actuellement dans l&#8217;industrie sont AP242 Ed.1 TC (3001 Ed.2) et AP242 Ed.3 (4442 Ed.3). Les autres versions du sch\u00e9ma ont \u00e9t\u00e9 principalement utilis\u00e9es pour les tests de mise en \u0153uvre et la r\u00e9solution des probl\u00e8mes li\u00e9s au mod\u00e8le de donn\u00e9es.<\/p>\n","protected":false},"excerpt":{"rendered":"<p>Cette page fournit des liens vers les sch\u00e9mas XSD STEP AP242 pour r\u00e9f\u00e9rence. Dans l&#8217;\u00e9dition 1 de l&#8217;AP242, le sch\u00e9ma XSD \u00e9tait d\u00e9fini dans le \u00ab Business Object Model \u00bb (BO Model ; ISO 10303-3001). Depuis l&#8217;\u00e9dition 2, il est d\u00e9fini dans le \u00ab Domain Model \u00bb (ISO 10303-4442). Cette \u00e9volution est due aux am\u00e9liorations apport\u00e9es \u00e0 l&#8217;architecture de la norme STEP. Par cons\u00e9quent, le num\u00e9ro d&#8217;\u00e9dition indiqu\u00e9 dans un fichier XML ne correspond pas toujours au num\u00e9ro d&#8217;\u00e9dition de la norme AP242, comme le montre le tableau ci-dessous. Par exemple, un fichier XML AP242 faisant r\u00e9f\u00e9rence \u00e0 \u00ab &#8230;\/iso\/ts\/10303\/-3001\/-ed-2\/&#8230; \u00bb appartient \u00e0 l&#8217;ISO\/TS 10303-3001 (Business Object Model) Edition 2, qui fait partie du corrigendum technique AP242 Edition 1. Ces sch\u00e9mas XSD constituent la base de toutes les impl\u00e9mentations bas\u00e9es sur XML dans le MBx-IF. Chaque version des pratiques recommand\u00e9es pour AP242 XML mentionne la version du sch\u00e9ma correspondant dans la section 1.1.2 \u00ab Scope \u00bb. ISO 10303-242 Business Object \/ Domain Model Sch\u00e9ma AP242 Edition 3 2022 ISO\/TS 10303-4442 Edition 3 2022 XSD AP242 Edition 2 2020 ISO\/TS 10303-4442 Edition 2 2019 XSD AP242 Ed.1 TC * 2016 ISO\/TS 10303-3001 Edition 2 2018 XSD AP242 Edition 1 2014 ISO\/TS 10303-3001 Edition 1 2014 XSD * TC = Technical Corrigendum Les versions de sch\u00e9ma les plus utilis\u00e9es actuellement dans l&#8217;industrie sont AP242 Ed.1 TC (3001 Ed.2) et AP242 Ed.3 (4442 Ed.3). Les autres versions du sch\u00e9ma ont \u00e9t\u00e9 principalement utilis\u00e9es pour les tests de mise en \u0153uvre et la r\u00e9solution des probl\u00e8mes li\u00e9s au mod\u00e8le de donn\u00e9es.<\/p>\n","protected":false},"author":1,"featured_media":0,"parent":1070,"menu_order":2,"comment_status":"closed","ping_status":"closed","template":"","meta":{"_acf_changed":false,"footnotes":""},"class_list":["post-1076","page","type-page","status-publish","hentry"],"acf":[],"_links":{"self":[{"href":"https:\/\/www.mbx-if.org\/home\/wp-json\/wp\/v2\/pages\/1076","targetHints":{"allow":["GET"]}}],"collection":[{"href":"https:\/\/www.mbx-if.org\/home\/wp-json\/wp\/v2\/pages"}],"about":[{"href":"https:\/\/www.mbx-if.org\/home\/wp-json\/wp\/v2\/types\/page"}],"author":[{"embeddable":true,"href":"https:\/\/www.mbx-if.org\/home\/wp-json\/wp\/v2\/users\/1"}],"replies":[{"embeddable":true,"href":"https:\/\/www.mbx-if.org\/home\/wp-json\/wp\/v2\/comments?post=1076"}],"version-history":[{"count":0,"href":"https:\/\/www.mbx-if.org\/home\/wp-json\/wp\/v2\/pages\/1076\/revisions"}],"up":[{"embeddable":true,"href":"https:\/\/www.mbx-if.org\/home\/wp-json\/wp\/v2\/pages\/1070"}],"wp:attachment":[{"href":"https:\/\/www.mbx-if.org\/home\/wp-json\/wp\/v2\/media?parent=1076"}],"curies":[{"name":"wp","href":"https:\/\/api.w.org\/{rel}","templated":true}]}}