{"id":1074,"date":"2024-08-27T15:28:52","date_gmt":"2024-08-27T13:28:52","guid":{"rendered":"https:\/\/www.mbx-if.org\/home\/?page_id=1074"},"modified":"2024-08-27T15:28:52","modified_gmt":"2024-08-27T13:28:52","slug":"schemas-express","status":"publish","type":"page","link":"https:\/\/www.mbx-if.org\/home\/fr\/mbx-if\/ressources\/schemas-express\/","title":{"rendered":"Sch\u00e9mas EXPRESS"},"content":{"rendered":"\n<p>Cette page permet de t\u00e9l\u00e9charger les sch\u00e9mas EXPRESS AIM (Application Interpreted Model) \/ MIM (Module Interpreted Model) Longform. Ces sch\u00e9mas constituent la base de toutes les impl\u00e9mentations STEP Part 21 dans le MBx-IF.<\/p>\n\n\n\n<p>Pour chaque sch\u00e9ma Longform, une version HTML facile \u00e0 naviguer est \u00e9galement fournie. Ces sch\u00e9mas sont une gracieuset\u00e9 de Jotne.<\/p>\n\n\n\n<figure class=\"wp-block-table aligncenter\"><table><thead><tr><th>Sch\u00e9ma<\/th><th class=\"has-text-align-center\" data-align=\"center\">Ann\u00e9e<\/th><th class=\"has-text-align-center\" data-align=\"center\">T\u00e9l\u00e9charger<br>Longform<\/th><th class=\"has-text-align-center\" data-align=\"center\">Identificateur de sch\u00e9ma<\/th><th class=\"has-text-align-center\" data-align=\"center\">T\u00e9l\u00e9charger<br> Version HTML<\/th><\/tr><\/thead><tbody><tr><td>AP242 Ed.3<\/td><td class=\"has-text-align-center\" data-align=\"center\">2022<\/td><td class=\"has-text-align-center\" data-align=\"center\"><a href=\"https:\/\/www.mbx-if.org\/home\/wp-content\/uploads\/2024\/07\/ap242ed3_mim_lf_v1.152.zip\" data-type=\"attachment\" data-id=\"1002\">EXP<\/a><\/td><td class=\"has-text-align-center\" data-align=\"center\">{ 1 0 10303 442 4 1 4 }<\/td><td class=\"has-text-align-center\" data-align=\"center\"><a href=\"https:\/\/www.mbx-if.org\/home\/wp-content\/uploads\/2024\/07\/AP242ed3_HTML.zip\" data-type=\"attachment\" data-id=\"1008\">ZIP<\/a><\/td><\/tr><tr><td>AP242 Ed.2<br><\/td><td class=\"has-text-align-center\" data-align=\"center\">2019<\/td><td class=\"has-text-align-center\" data-align=\"center\"><a href=\"https:\/\/www.mbx-if.org\/home\/wp-content\/uploads\/2024\/07\/ap242ed2_mim_lf_v1.101.zip\" data-type=\"attachment\" data-id=\"1003\">EXP<\/a><\/td><td class=\"has-text-align-center\" data-align=\"center\">{ 1 0 10303 442 3 1 4 }<br><\/td><td class=\"has-text-align-center\" data-align=\"center\"><a href=\"https:\/\/www.mbx-if.org\/home\/wp-content\/uploads\/2024\/07\/ap242ed2_mim_lf_v1.101_HTML.zip\" data-type=\"attachment\" data-id=\"1009\">ZIP<\/a><\/td><\/tr><tr><td>AP242 Ed.1<br><\/td><td class=\"has-text-align-center\" data-align=\"center\">2014<\/td><td class=\"has-text-align-center\" data-align=\"center\"><a href=\"https:\/\/www.mbx-if.org\/home\/wp-content\/uploads\/2024\/07\/ap242_is_mim_lf_v1.36.zip\" data-type=\"attachment\" data-id=\"1004\">EXP<\/a><\/td><td class=\"has-text-align-center\" data-align=\"center\">{ 1 0 10303 442 1 1 4 }<br><\/td><td class=\"has-text-align-center\" data-align=\"center\"><a href=\"https:\/\/www.mbx-if.org\/home\/wp-content\/uploads\/2024\/07\/ap242_is_mim_lf_v1.36.html.zip\" data-type=\"attachment\" data-id=\"1010\">ZIP<\/a><\/td><\/tr><tr><td>AP209 Ed.2<\/td><td class=\"has-text-align-center\" data-align=\"center\">2014<\/td><td class=\"has-text-align-center\" data-align=\"center\"><a href=\"https:\/\/www.mbx-if.org\/home\/wp-content\/uploads\/2024\/06\/ap209ed2_is_mim_lf_v1.46.exp_.zip\" data-type=\"attachment\" data-id=\"944\">EXP<\/a><\/td><td class=\"has-text-align-center\" data-align=\"center\">{ 1 0 10303 409 1 1 4 }<\/td><td class=\"has-text-align-center\" data-align=\"center\"><a href=\"https:\/\/www.mbx-if.org\/home\/wp-content\/uploads\/2024\/06\/AP209ed2_mim_lf_v1.46.html.zip\" data-type=\"attachment\" data-id=\"945\">ZIP<\/a><\/td><\/tr><tr><td>AP203 Ed.2<br><\/td><td class=\"has-text-align-center\" data-align=\"center\">2011<\/td><td class=\"has-text-align-center\" data-align=\"center\"><a href=\"https:\/\/www.mbx-if.org\/home\/wp-content\/uploads\/2024\/07\/part403ts_wg3n2635mim_lf.zip\" data-type=\"attachment\" data-id=\"1005\">EXP<\/a><\/td><td class=\"has-text-align-center\" data-align=\"center\">{ 1 0 10303 403 2 1 2 }<br><\/td><td class=\"has-text-align-center\" data-align=\"center\"><a href=\"https:\/\/www.mbx-if.org\/home\/wp-content\/uploads\/2024\/07\/AP203e2_html.zip\" data-type=\"attachment\" data-id=\"1011\">ZIP<\/a><\/td><\/tr><tr><td>AP214 Ed.3<br><\/td><td class=\"has-text-align-center\" data-align=\"center\">2010<\/td><td class=\"has-text-align-center\" data-align=\"center\"><a href=\"https:\/\/www.mbx-if.org\/home\/wp-content\/uploads\/2024\/07\/AP214E3_2010.zip\" data-type=\"attachment\" data-id=\"1006\">EXP<\/a><\/td><td class=\"has-text-align-center\" data-align=\"center\">{ 1 0 10303 214 1 1 1 1 }<br><\/td><td class=\"has-text-align-center\" data-align=\"center\"><a href=\"https:\/\/www.mbx-if.org\/home\/wp-content\/uploads\/2024\/07\/AP214E3.zip\" data-type=\"attachment\" data-id=\"1012\">ZIP<\/a><\/td><\/tr><\/tbody><\/table><\/figure>\n","protected":false},"excerpt":{"rendered":"<p>Cette page permet de t\u00e9l\u00e9charger les sch\u00e9mas EXPRESS AIM (Application Interpreted Model) \/ MIM (Module Interpreted Model) Longform. Ces sch\u00e9mas constituent la base de toutes les impl\u00e9mentations STEP Part 21 dans le MBx-IF. Pour chaque sch\u00e9ma Longform, une version HTML facile \u00e0 naviguer est \u00e9galement fournie. Ces sch\u00e9mas sont une gracieuset\u00e9 de Jotne. Sch\u00e9ma Ann\u00e9e T\u00e9l\u00e9chargerLongform Identificateur de sch\u00e9ma T\u00e9l\u00e9charger Version HTML AP242 Ed.3 2022 EXP { 1 0 10303 442 4 1 4 } ZIP AP242 Ed.2 2019 EXP { 1 0 10303 442 3 1 4 } ZIP AP242 Ed.1 2014 EXP { 1 0 10303 442 1 1 4 } ZIP AP209 Ed.2 2014 EXP { 1 0 10303 409 1 1 4 } ZIP AP203 Ed.2 2011 EXP { 1 0 10303 403 2 1 2 } ZIP AP214 Ed.3 2010 EXP { 1 0 10303 214 1 1 1 1 } ZIP<\/p>\n","protected":false},"author":1,"featured_media":0,"parent":1070,"menu_order":1,"comment_status":"closed","ping_status":"closed","template":"","meta":{"_acf_changed":false,"footnotes":""},"class_list":["post-1074","page","type-page","status-publish","hentry"],"acf":[],"_links":{"self":[{"href":"https:\/\/www.mbx-if.org\/home\/wp-json\/wp\/v2\/pages\/1074","targetHints":{"allow":["GET"]}}],"collection":[{"href":"https:\/\/www.mbx-if.org\/home\/wp-json\/wp\/v2\/pages"}],"about":[{"href":"https:\/\/www.mbx-if.org\/home\/wp-json\/wp\/v2\/types\/page"}],"author":[{"embeddable":true,"href":"https:\/\/www.mbx-if.org\/home\/wp-json\/wp\/v2\/users\/1"}],"replies":[{"embeddable":true,"href":"https:\/\/www.mbx-if.org\/home\/wp-json\/wp\/v2\/comments?post=1074"}],"version-history":[{"count":0,"href":"https:\/\/www.mbx-if.org\/home\/wp-json\/wp\/v2\/pages\/1074\/revisions"}],"up":[{"embeddable":true,"href":"https:\/\/www.mbx-if.org\/home\/wp-json\/wp\/v2\/pages\/1070"}],"wp:attachment":[{"href":"https:\/\/www.mbx-if.org\/home\/wp-json\/wp\/v2\/media?parent=1074"}],"curies":[{"name":"wp","href":"https:\/\/api.w.org\/{rel}","templated":true}]}}