{"id":1070,"date":"2024-08-27T15:20:52","date_gmt":"2024-08-27T13:20:52","guid":{"rendered":"https:\/\/www.mbx-if.org\/home\/?page_id=1070"},"modified":"2025-02-18T17:36:01","modified_gmt":"2025-02-18T16:36:01","slug":"ressources","status":"publish","type":"page","link":"https:\/\/www.mbx-if.org\/home\/fr\/mbx-if\/ressources\/","title":{"rendered":"Visualiseurs STEP"},"content":{"rendered":"\n<p>Le tableau suivant r\u00e9pertorie les applications de visualisation de g\u00e9om\u00e9trie STEP disponibles. Cette liste n&#8217;a qu&#8217;un but informatif, celui de fournir aux utilisateurs potentiels un guide des applications de visualisation STEP disponibles sur le march\u00e9.<\/p>\n\n\n\n<p><strong>NOTE :<\/strong> Les visionneuses de fichiers STEP n&#8217;ont pas \u00e9t\u00e9 test\u00e9es par le MBx-IF. Le fait qu&#8217;un visualiseur de fichiers STEP figure dans cette liste ne constitue en aucun cas une d\u00e9claration sur la disponibilit\u00e9, la fonctionnalit\u00e9 ou la qualit\u00e9 de l&#8217;application. La liste est class\u00e9e par ordre alphab\u00e9tique du nom de la soci\u00e9t\u00e9 \u00e9ditrice.<\/p>\n\n\n\n<figure class=\"wp-block-table\"><table><thead><tr><th>Fournisseur<\/th><th>Visualiseur<\/th><th>URL<\/th><th>Licence<\/th><\/tr><\/thead><tbody><tr><td>Actify<\/td><td>SpinFire<\/td><td><a href=\"https:\/\/www.actify.com\/solutions\/spinfire\/\" target=\"_blank\" rel=\"noreferrer noopener\">www.actify.com<\/a><\/td><td>licence payante, essai gratuit<\/td><\/tr><tr><td>Autodesk<\/td><td>Viewer<\/td><td><a href=\"https:\/\/viewer.autodesk.com\/\" target=\"_blank\" rel=\"noreferrer noopener\">viewer.autodesk.com<\/a><\/td><td>online ; enregistrement gratuit<\/td><\/tr><tr><td>C3D Labs<\/td><td>C3D Viewer<\/td><td><a href=\"https:\/\/c3dlabs.com\/en\/products\/c3d-viewer\/\" target=\"_blank\" rel=\"noreferrer noopener\">www.c3dlabs.com<\/a><\/td><td>licence gratuit et payante<\/td><\/tr><tr><td>CADCAM-e<\/td><td>EnSuite-View<\/td><td><a href=\"https:\/\/www.cadcam-e.com\/freecadviewers-CATIA-STEP-IGES-Parasolid-NX.aspx\" target=\"_blank\" rel=\"noreferrer noopener\">www.cadcam-e.com<\/a><\/td><td>licence gratuit <\/td><\/tr><tr><td>CADEX<\/td><td>CAD Exchanger<\/td><td><a href=\"http:\/\/cadexchanger.com\/\" target=\"_blank\" rel=\"noreferrer noopener\">www.cadexchanger.com<\/a><\/td><td>licence payante, essai gratuit<\/td><\/tr><tr><td>CadSoftTools<\/td><td>ABViewer<\/td><td><a href=\"https:\/\/cadsofttools.de\/products\/abviewer\/\" target=\"_blank\" rel=\"noreferrer noopener\">www.cadsofttools.com<\/a><\/td><td>licence payante, essai gratuit<\/td><\/tr><tr><td>Capvidia<\/td><td>MBDvidia<\/td><td><a href=\"http:\/\/www.capvidia.com\/capvidia-products\/mbdvidia-model-based-definition\" target=\"_blank\" rel=\"noreferrer noopener\">www.capvidia.com<\/a><\/td><td>licence payante, essai gratuit<\/td><\/tr><tr><td>Clari3D<\/td><td>Clari3D<\/td><td><a href=\"https:\/\/www.clari3d.com\/\" target=\"_blank\" rel=\"noreferrer noopener\">www.clari3d.com<\/a><\/td><td>licence payante, essai gratuit<\/td><\/tr><tr><td>CT CoreTechnologie<\/td><td>3D_Analyzer<\/td><td><a href=\"http:\/\/www.coretechnologie.com\/products\/3d-analyzer.html\" target=\"_blank\" rel=\"noreferrer noopener\">www.coretechnologie.de<\/a><\/td><td>licence payante<\/td><\/tr><tr><td>Dassault Syst\u00e8mes<\/td><td>3DEXPERIENCE 3DPlay<\/td><td><a href=\"https:\/\/www.3ds.com\/store\/3dswymer\" target=\"_blank\" rel=\"noreferrer noopener\">www.3ds.com<\/a><\/td><td>licence payante<\/td><\/tr><tr><td>Dassault Syst\u00e8mes<\/td><td>SOLIDWORKS eDrawings<\/td><td><a href=\"https:\/\/www.solidworks.com\/product\/solidworks-edrawings\" target=\"_blank\" rel=\"noreferrer noopener\">www.solidworks.com<\/a><\/td><td>licence gratuit<\/td><\/tr><tr><td>Elysium<\/td><td>3DxSUITE<\/td><td><a href=\"https:\/\/www.elysium-global.com\/en\/\" target=\"_blank\" rel=\"noreferrer noopener\">www.elysium-global.com<\/a><\/td><td>licence payante<\/td><\/tr><tr><td>Fougue Ltd.<\/td><td>Mayo<\/td><td><a href=\"https:\/\/github.com\/fougue\/mayo\" target=\"_blank\" rel=\"noreferrer noopener\">www.github.com<\/a><\/td><td>Open Source<\/td><\/tr><tr><td>FreeCAD Team<\/td><td>FreeCAD<\/td><td><a href=\"https:\/\/www.freecadweb.org\/\" target=\"_blank\" rel=\"noreferrer noopener\">www.freecadweb.org<\/a><\/td><td>licence gratuit (LGPL\/Creative Commons)<\/td><\/tr><tr><td>Glovius<\/td><td>Glovius Viewer<\/td><td><a href=\"https:\/\/www.glovius.com\/\" target=\"_blank\" rel=\"noreferrer noopener\">www.glovius.com<\/a><\/td><td>licence payante, essai gratuit<\/td><\/tr><tr><td>Jotne<\/td><td>EDMopenSimDM<br>(AP209 Ed2)<\/td><td><a href=\"http:\/\/jotneit.no\/products\/edmopensimdm\" target=\"_blank\" rel=\"noreferrer noopener\">www.jotneit.no<\/a><\/td><td>licence payante<\/td><\/tr><tr><td>Kisters<\/td><td>3DViewStation<\/td><td><a href=\"http:\/\/viewer.kisters.de\/en\/kisters-products\/3dviewstation-desktop.html\" target=\"_blank\" rel=\"noreferrer noopener\">viewer.kisters.de<\/a><\/td><td>licence payante, essai gratuit<\/td><\/tr><tr><td>Kubotek Kosmos<\/td><td>View \/ Convert<\/td><td><a href=\"https:\/\/www.kubotekkosmos.com\/\" target=\"_blank\" rel=\"noreferrer noopener\">www.kubotekkosmos.com<\/a><\/td><td>licence payante, essai gratuit<\/td><\/tr><tr><td>LKSoft<\/td><td>IDA-STEP<\/td><td><a href=\"https:\/\/www.ida-step.net\/download\" target=\"_blank\" rel=\"noreferrer noopener\">www.ida-step.net<\/a><\/td><td>licence gratuit et payante<\/td><\/tr><tr><td>Machine Research<\/td><td>STEP Viewer<\/td><td><a href=\"https:\/\/www.machineresearch.com\/step-viewer\" target=\"_blank\" rel=\"noreferrer noopener\">www.machineresearch.com<\/a><\/td><td>licence payante, essai gratuit<\/td><\/tr><tr><td>NIST<\/td><td>STEP File Analyzer and Viewer<\/td><td><a href=\"https:\/\/www.nist.gov\/services-resources\/software\/step-file-analyzer-and-viewer\" target=\"_blank\" rel=\"noreferrer noopener\">www.nist.gov<\/a><\/td><td>licence gratuit <\/td><\/tr><tr><td>OpenCascade<\/td><td>CAD Assistant<\/td><td><a href=\"https:\/\/www.opencascade.com\/content\/cad-assistant\" target=\"_blank\" rel=\"noreferrer noopener\">www.opencascade.com<\/a><\/td><td>licence gratuit <\/td><\/tr><tr><td>Open Design Alliance<\/td><td>Open STEP Viewer<\/td><td><a href=\"https:\/\/openstepviewer.com\/\" target=\"_blank\" rel=\"noreferrer noopener\">openstepviewer.com<\/a><\/td><td>licence gratuit <\/td><\/tr><tr><td>RDF<\/td><td>STEP Viewer<\/td><td><a href=\"https:\/\/rdf.bg\/product-list\/step-engine\/step-viewer\/\" target=\"_blank\" rel=\"noreferrer noopener\">rdf.bg<\/a><\/td><td>licence gratuit <\/td><\/tr><tr><td>Siemens PLM<\/td><td>TC Visualization<\/td><td><a href=\"https:\/\/www.plm.automation.siemens.com\/global\/en\/products\/collaboration\/digital-mockup.html\" target=\"_blank\" rel=\"noreferrer noopener\">www.plm.automation.siemens.com<\/a><\/td><td>licence gratuit et payante<\/td><\/tr><tr><td>SolidView<\/td><td>STEP Viewer<\/td><td><a href=\"http:\/\/www.solidview.com\/Products\/step-viewer\" target=\"_blank\" rel=\"noreferrer noopener\">www.solidview.com<\/a><\/td><td>licence payante, essai gratuit<\/td><\/tr><tr><td>Theorem Solutions<\/td><td>CAD Viewer<\/td><td><a href=\"http:\/\/www.theorem.co.uk\/products\/cadviewer.htm\" target=\"_blank\" rel=\"noreferrer noopener\">www.theorem.co.uk<\/a><\/td><td>licence payante<\/td><\/tr><tr><td>Threedy<\/td><td>instant3Dhub<\/td><td><a href=\"https:\/\/www.threedy.io\/\" target=\"_blank\" rel=\"noreferrer noopener\">www.threedy.io<\/a><\/td><td>licence payante<\/td><\/tr><tr><td>TransMagic<\/td><td>SuperView &#8211; 3D CAD Viewer<\/td><td><a href=\"https:\/\/transmagic.com\/superview-3d-cad-viewer\/\" target=\"_blank\" rel=\"noreferrer noopener\">www.transmagic.com<\/a><\/td><td>licence payante, essai gratuit<\/td><\/tr><tr><td>VariCAD<\/td><td>VariCAD Viewer<\/td><td><a href=\"http:\/\/www.varicad.com\/en\/home\/\" target=\"_blank\" rel=\"noreferrer noopener\">www.varicad.com<\/a><\/td><td>licence gratuit et payante<\/td><\/tr><tr><td>Virtual Systems Engineering<\/td><td>PREVIEW Viewer<\/td><td><a href=\"https:\/\/virtualsystemsengineering.com\/products\/\" target=\"_blank\" rel=\"noreferrer noopener\">www.virtualsystemsengineering.com<\/a><\/td><td>licence payante, essai gratuit<\/td><\/tr><tr><td>ZWSOFT<\/td><td>CADbro<\/td><td><a href=\"https:\/\/www.zwsoft.com\/product\/cadbro\" target=\"_blank\" rel=\"noreferrer noopener\">www.cadbrother.com<\/a><\/td><td>licence payante, essai gratuit<\/td><\/tr><tr><td>3DTool<\/td><td>3DTool<\/td><td><a href=\"http:\/\/www.3d-tool.com\/\" target=\"_blank\" rel=\"noreferrer noopener\">www.3d-tool.com<\/a><\/td><td>licence payante<\/td><\/tr><\/tbody><\/table><\/figure>\n","protected":false},"excerpt":{"rendered":"<p>Le tableau suivant r\u00e9pertorie les applications de visualisation de g\u00e9om\u00e9trie STEP disponibles. Cette liste n&#8217;a qu&#8217;un but informatif, celui de fournir aux utilisateurs potentiels un guide des applications de visualisation STEP disponibles sur le march\u00e9. NOTE : Les visionneuses de fichiers STEP n&#8217;ont pas \u00e9t\u00e9 test\u00e9es par le MBx-IF. Le fait qu&#8217;un visualiseur de fichiers STEP figure dans cette liste ne constitue en aucun cas une d\u00e9claration sur la disponibilit\u00e9, la fonctionnalit\u00e9 ou la qualit\u00e9 de l&#8217;application. La liste est class\u00e9e par ordre alphab\u00e9tique du nom de la soci\u00e9t\u00e9 \u00e9ditrice. Fournisseur Visualiseur URL Licence Actify SpinFire www.actify.com licence payante, essai gratuit Autodesk Viewer viewer.autodesk.com online ; enregistrement gratuit C3D Labs C3D Viewer www.c3dlabs.com licence gratuit et payante CADCAM-e EnSuite-View www.cadcam-e.com licence gratuit CADEX CAD Exchanger www.cadexchanger.com licence payante, essai gratuit CadSoftTools ABViewer www.cadsofttools.com licence payante, essai gratuit Capvidia MBDvidia www.capvidia.com licence payante, essai gratuit Clari3D Clari3D www.clari3d.com licence payante, essai gratuit CT CoreTechnologie 3D_Analyzer www.coretechnologie.de licence payante Dassault Syst\u00e8mes 3DEXPERIENCE 3DPlay www.3ds.com licence payante Dassault Syst\u00e8mes SOLIDWORKS eDrawings www.solidworks.com licence gratuit Elysium 3DxSUITE www.elysium-global.com licence payante Fougue Ltd. Mayo www.github.com Open Source FreeCAD Team FreeCAD www.freecadweb.org licence gratuit (LGPL\/Creative Commons) Glovius Glovius Viewer www.glovius.com licence payante, essai gratuit Jotne EDMopenSimDM(AP209 Ed2) www.jotneit.no licence payante Kisters 3DViewStation viewer.kisters.de licence payante, essai gratuit Kubotek Kosmos View \/ Convert www.kubotekkosmos.com licence payante, essai gratuit LKSoft IDA-STEP www.ida-step.net licence gratuit et payante Machine Research STEP Viewer www.machineresearch.com licence payante, essai gratuit NIST STEP File Analyzer and Viewer www.nist.gov licence gratuit OpenCascade CAD Assistant www.opencascade.com licence gratuit Open Design Alliance Open STEP Viewer openstepviewer.com licence gratuit RDF STEP Viewer rdf.bg licence gratuit Siemens PLM TC Visualization www.plm.automation.siemens.com licence gratuit et payante SolidView STEP Viewer www.solidview.com licence payante, essai gratuit Theorem Solutions CAD Viewer www.theorem.co.uk licence payante Threedy instant3Dhub www.threedy.io licence payante TransMagic SuperView &#8211; 3D CAD Viewer www.transmagic.com licence payante, essai gratuit VariCAD VariCAD Viewer www.varicad.com licence gratuit et payante Virtual Systems Engineering PREVIEW Viewer www.virtualsystemsengineering.com licence payante, essai gratuit ZWSOFT CADbro www.cadbrother.com licence payante, essai gratuit 3DTool 3DTool www.3d-tool.com licence payante<\/p>\n","protected":false},"author":1,"featured_media":0,"parent":642,"menu_order":4,"comment_status":"closed","ping_status":"closed","template":"","meta":{"_acf_changed":false,"footnotes":""},"class_list":["post-1070","page","type-page","status-publish","hentry"],"acf":[],"_links":{"self":[{"href":"https:\/\/www.mbx-if.org\/home\/wp-json\/wp\/v2\/pages\/1070","targetHints":{"allow":["GET"]}}],"collection":[{"href":"https:\/\/www.mbx-if.org\/home\/wp-json\/wp\/v2\/pages"}],"about":[{"href":"https:\/\/www.mbx-if.org\/home\/wp-json\/wp\/v2\/types\/page"}],"author":[{"embeddable":true,"href":"https:\/\/www.mbx-if.org\/home\/wp-json\/wp\/v2\/users\/1"}],"replies":[{"embeddable":true,"href":"https:\/\/www.mbx-if.org\/home\/wp-json\/wp\/v2\/comments?post=1070"}],"version-history":[{"count":1,"href":"https:\/\/www.mbx-if.org\/home\/wp-json\/wp\/v2\/pages\/1070\/revisions"}],"predecessor-version":[{"id":1304,"href":"https:\/\/www.mbx-if.org\/home\/wp-json\/wp\/v2\/pages\/1070\/revisions\/1304"}],"up":[{"embeddable":true,"href":"https:\/\/www.mbx-if.org\/home\/wp-json\/wp\/v2\/pages\/642"}],"wp:attachment":[{"href":"https:\/\/www.mbx-if.org\/home\/wp-json\/wp\/v2\/media?parent=1070"}],"curies":[{"name":"wp","href":"https:\/\/api.w.org\/{rel}","templated":true}]}}