{"id":1027,"date":"2024-08-27T14:21:18","date_gmt":"2024-08-27T12:21:18","guid":{"rendered":"https:\/\/www.mbx-if.org\/home\/?page_id=1027"},"modified":"2025-12-12T10:42:40","modified_gmt":"2025-12-12T09:42:40","slug":"implementeurs","status":"publish","type":"page","link":"https:\/\/www.mbx-if.org\/home\/fr\/caxif\/implementeurs\/","title":{"rendered":"Groupe d\u2019Impl\u00e9menteurs du\u00a0CAx-IF"},"content":{"rendered":"\n<p>Le Groupe d\u2019Impl\u00e9menteurs du CAx-IF est un groupe d&#8217;\u00e9diteurs de logiciels, d&#8217;int\u00e9grateurs troisi\u00e8me tiers et de r\u00e9alisateur ind\u00e9pendants d&#8217;interfaces CAx pour STEP AP242, qui d\u00e9finissent des de mise en \u0153uvre harmonis\u00e9es pour AP242, appel\u00e9 \u00ab <a href=\"https:\/\/www.mbx-if.org\/home\/cax\/recpractices\/\" data-type=\"page\" data-id=\"194\">Recommended Practices<\/a> \u00bb. Ces documents :<\/p>\n\n\n\n<ul class=\"wp-block-list\">\n<li>sont accessibles au public sur la page d&#8217;accueil de MBx-IF.<\/li>\n\n\n\n<li>d\u00e9finissent des approches harmonis\u00e9es pour la r\u00e9alisation de capacit\u00e9s sp\u00e9cifiques dans STEP, en fonction des besoins des utilisateurs,<\/li>\n\n\n\n<li>sont le fondement de la coh\u00e9rence et de l&#8217;interop\u00e9rabilit\u00e9 des interfaces STEP,<\/li>\n\n\n\n<li>fournissent des guides de mise en \u0153uvre compl\u00e8tes avec des exemples,<\/li>\n\n\n\n<li>sont valid\u00e9s dans des campagnes des tests.<\/li>\n<\/ul>\n\n\n\n<p>Ces pratiques recommand\u00e9es sont valid\u00e9es dans des <a href=\"https:\/\/www.mbx-if.org\/home\/cax\/testrounds\/\" data-type=\"page\" data-id=\"607\">campagnes des tests<\/a> CAx. Les s\u00e9ries de tests donnent aux fournisseurs la possibilit\u00e9 d&#8217;essayer de nouvelles approches et d&#8217;am\u00e9liorer leurs impl\u00e9mentations afin que les capacit\u00e9s nouvellement introduites soient robustes et stables. La port\u00e9e et le calendrier d\u00e9taill\u00e9s de chaque s\u00e9rie de tests seront d\u00e9finis par le groupe de mise en \u0153uvre de CAx-IF sur la base des exigences d\u00e9finies par le groupe d&#8217;utilisateurs. A chaque campag<del>a<\/del>ne:<\/p>\n\n\n\n<ul class=\"wp-block-list\">\n<li>les participants fournissent des fichiers STEP bas\u00e9s sur les sch\u00e9mas STEP actuels, les pratiques recommand\u00e9es et les d\u00e9finitions de cas de test,<\/li>\n\n\n\n<li>les fichiers sont test\u00e9s pour la syntaxe et la structure, y compris la conformit\u00e9 aux pratiques recommand\u00e9es,<\/li>\n\n\n\n<li>des statistiques sont collect\u00e9es et \u00e9valu\u00e9es pour d\u00e9terminer le taux de r\u00e9ussite de chaque test,<\/li>\n\n\n\n<li>les questions techniques sont discut\u00e9es ouvertement dans une atmosph\u00e8re de confiance pour en tirer des recommandations:\n<ul class=\"wp-block-list\">\n<li>des interfaces STEP,<\/li>\n\n\n\n<li>des recommandations d\u2019usage,<\/li>\n\n\n\n<li>de la norme STEP elle-m\u00eame.<\/li>\n<\/ul>\n<\/li>\n<\/ul>\n\n\n\n<h3 class=\"wp-block-heading\">Soci\u00e9t\u00e9s membres<\/h3>\n\n\n\n<ul class=\"wp-block-list\">\n<li><a href=\"https:\/\/www.autodesk.com\/\" target=\"_blank\" rel=\"noreferrer noopener\">Autodesk<\/a><\/li>\n\n\n\n<li><a href=\"https:\/\/www.coretechnologie.com\/fr.html\" target=\"_blank\" rel=\"noreferrer noopener\">CT CoreTechnologie<\/a><\/li>\n\n\n\n<li><a href=\"https:\/\/www.3ds.com\/fr\/\" target=\"_blank\" rel=\"noreferrer noopener\">Dassault Syst\u00e8mes<\/a><\/li>\n\n\n\n<li><a href=\"https:\/\/www.datakit.com\/fr\/\" target=\"_blank\" rel=\"noreferrer noopener\">Datakit<\/a><\/li>\n\n\n\n<li><a href=\"https:\/\/www.elysium-global.com\/\" target=\"_blank\" rel=\"noreferrer noopener\">Elysium<\/a><\/li>\n\n\n\n<li><a href=\"https:\/\/www.kubotekkosmos.com\/products\" target=\"_blank\" rel=\"noreferrer noopener\">Kubotek Kosmos<\/a><\/li>\n\n\n\n<li><a href=\"https:\/\/www.mitutoyo.com\/micat-planner\/\" target=\"_blank\" rel=\"noreferrer noopener\">Mitutoyo<\/a><\/li>\n\n\n\n<li><a href=\"https:\/\/www.opencascade.com\/\" target=\"_blank\" rel=\"noreferrer noopener\">Open Cascade<\/a><\/li>\n\n\n\n<li><a href=\"https:\/\/www.opendesign.com\/\" target=\"_blank\" rel=\"noreferrer noopener\">Open Design Alliance<\/a><\/li>\n\n\n\n<li><a href=\"https:\/\/www.ptc.com\/\" target=\"_blank\" rel=\"noreferrer noopener\">PTC<\/a><\/li>\n\n\n\n<li><a href=\"https:\/\/www.plm.automation.siemens.com\/global\/en\/\" target=\"_blank\" rel=\"noreferrer noopener\">Siemens Digital Industry Software<\/a><\/li>\n\n\n\n<li><a href=\"https:\/\/www.iti-global.com\/\" target=\"_blank\" rel=\"noreferrer noopener\">Wipro ITI<\/a><\/li>\n<\/ul>\n\n\n\n<h3 class=\"wp-block-heading\">Coordinateurs<\/h3>\n\n\n\n<p>Pour entrer en contact avec la communaut\u00e9, veuillez contacter :<\/p>\n\n\n\n<ul class=\"wp-block-list\">\n<li>Jochen Boy, PROSTEP \u2013\u00a0<a href=\"mailto:Jochen.Boy@PROSTEP.com\">jochen(dot)boy(at)prostep(dot)com<\/a><\/li>\n<\/ul>\n","protected":false},"excerpt":{"rendered":"<p>Le Groupe d\u2019Impl\u00e9menteurs du CAx-IF est un groupe d&#8217;\u00e9diteurs de logiciels, d&#8217;int\u00e9grateurs troisi\u00e8me tiers et de r\u00e9alisateur ind\u00e9pendants d&#8217;interfaces CAx pour STEP AP242, qui d\u00e9finissent des de mise en \u0153uvre harmonis\u00e9es pour AP242, appel\u00e9 \u00ab Recommended Practices \u00bb. Ces documents : Ces pratiques recommand\u00e9es sont valid\u00e9es dans des campagnes des tests CAx. Les s\u00e9ries de tests donnent aux fournisseurs la possibilit\u00e9 d&#8217;essayer de nouvelles approches et d&#8217;am\u00e9liorer leurs impl\u00e9mentations afin que les capacit\u00e9s nouvellement introduites soient robustes et stables. La port\u00e9e et le calendrier d\u00e9taill\u00e9s de chaque s\u00e9rie de tests seront d\u00e9finis par le groupe de mise en \u0153uvre de CAx-IF sur la base des exigences d\u00e9finies par le groupe d&#8217;utilisateurs. A chaque campagane: Soci\u00e9t\u00e9s membres Coordinateurs Pour entrer en contact avec la communaut\u00e9, veuillez contacter :<\/p>\n","protected":false},"author":1,"featured_media":0,"parent":1017,"menu_order":2,"comment_status":"closed","ping_status":"closed","template":"","meta":{"_acf_changed":false,"footnotes":""},"class_list":["post-1027","page","type-page","status-publish","hentry"],"acf":[],"_links":{"self":[{"href":"https:\/\/www.mbx-if.org\/home\/wp-json\/wp\/v2\/pages\/1027","targetHints":{"allow":["GET"]}}],"collection":[{"href":"https:\/\/www.mbx-if.org\/home\/wp-json\/wp\/v2\/pages"}],"about":[{"href":"https:\/\/www.mbx-if.org\/home\/wp-json\/wp\/v2\/types\/page"}],"author":[{"embeddable":true,"href":"https:\/\/www.mbx-if.org\/home\/wp-json\/wp\/v2\/users\/1"}],"replies":[{"embeddable":true,"href":"https:\/\/www.mbx-if.org\/home\/wp-json\/wp\/v2\/comments?post=1027"}],"version-history":[{"count":4,"href":"https:\/\/www.mbx-if.org\/home\/wp-json\/wp\/v2\/pages\/1027\/revisions"}],"predecessor-version":[{"id":1544,"href":"https:\/\/www.mbx-if.org\/home\/wp-json\/wp\/v2\/pages\/1027\/revisions\/1544"}],"up":[{"embeddable":true,"href":"https:\/\/www.mbx-if.org\/home\/wp-json\/wp\/v2\/pages\/1017"}],"wp:attachment":[{"href":"https:\/\/www.mbx-if.org\/home\/wp-json\/wp\/v2\/media?parent=1027"}],"curies":[{"name":"wp","href":"https:\/\/api.w.org\/{rel}","templated":true}]}}